{"id":1899,"date":"2023-09-28T09:54:14","date_gmt":"2023-09-28T09:54:14","guid":{"rendered":"https:\/\/ec-construccion.com\/?page_id=1899"},"modified":"2023-09-28T10:41:12","modified_gmt":"2023-09-28T10:41:12","slug":"faq","status":"publish","type":"page","link":"https:\/\/ec-construccion.com\/?page_id=1899","title":{"rendered":"FAQ"},"content":{"rendered":"\n<div class=\"wp-block-group alignfull is-layout-constrained wp-block-group-is-layout-constrained\">\n<div class=\"wp-block-cover alignfull is-light breadcrumb\" style=\"padding-top:4rem;min-height:20vh;aspect-ratio:unset;\"><span aria-hidden=\"true\" class=\"wp-block-cover__background has-background-dim-20 has-background-dim\"><\/span><img decoding=\"async\" class=\"wp-block-cover__image-background wp-image-490\" alt=\"\" src=\"https:\/\/demo.sparkletheme.com\/sparkle-fse\/roofing\/wp-content\/uploads\/sites\/29\/2023\/03\/breadcrumb-1.jpg\" data-object-fit=\"cover\"\/><div class=\"wp-block-cover__inner-container is-layout-flow wp-block-cover-is-layout-flow\">\n<div class=\"wp-block-group is-layout-constrained wp-container-core-group-is-layout-19e250f3 wp-block-group-is-layout-constrained\">\n<div class=\"wp-block-group alignwide is-layout-constrained wp-container-core-group-is-layout-92b9201d wp-block-group-is-layout-constrained\">\n<h2 class=\"wp-block-heading alignwide has-background-color has-text-color has-extra-huge-font-size\">FAQ&#8217;s<\/h2>\n\n\n\n<div class=\"wp-block-group alignwide is-nowrap is-layout-flex wp-container-core-group-is-layout-4b0a85f0 wp-block-group-is-layout-flex\">\n<p class=\"has-background-color has-text-color has-medium-font-size\" style=\"font-style:normal;font-weight:600\">Inicio<\/p>\n\n\n\n<p class=\"has-background-color has-text-color has-medium-font-size\">\/<\/p>\n\n\n\n<p class=\"has-text-color has-medium-font-size\" style=\"color:#d1d1d1\">FAQ&#8217;s<\/p>\n<\/div>\n<\/div>\n<\/div>\n<\/div><\/div>\n\n\n\n<div class=\"wp-block-group alignfull is-nowrap is-layout-flex wp-container-core-group-is-layout-6c531013 wp-block-group-is-layout-flex\"><style>.wp-show-posts-columns#wpsp-1901 {margin-left: -2em; }.wp-show-posts-columns#wpsp-1901 .wp-show-posts-inner {margin: 0 0 2em 2em; }<\/style><section id=\"wpsp-1901\" class=\" wp-show-posts-columns wp-show-posts\" style=\"\"><article class=\" wp-show-posts-single post-1996 post type-post status-publish format-standard has-post-thumbnail hentry category-faq tag-renovation tag-roofing wpsp-col-6\" itemtype=\"http:\/\/schema.org\/CreativeWork\" itemscope><div class=\"wp-show-posts-inner\" style=\"\">\t\t\t\t\t\t<header class=\"wp-show-posts-entry-header\">\n\t\t\t\t\t\t\t<h2 class=\"wp-show-posts-entry-title\" itemprop=\"headline\"><a href=\"https:\/\/ec-construccion.com\/?p=1996\" rel=\"bookmark\">Silestone vs. Porcel\u00e1nico: La Elecci\u00f3n Perfecta para tu Encimera de Cocina<\/a><\/h2><div class=\"wp-show-posts-entry-meta wp-show-posts-entry-meta-below-title post-meta-inline\"><span class=\"wp-show-posts-posted-on wp-show-posts-meta\">\n\t\t\t\t\t<a href=\"https:\/\/ec-construccion.com\/?p=1996\" title=\"5:07 pm\" rel=\"bookmark\"><time class=\"wp-show-posts-entry-date published\" datetime=\"2023-11-09T17:07:40+00:00\" itemprop=\"datePublished\">noviembre 9, 2023<\/time><time class=\"wp-show-posts-updated\" datetime=\"2023-11-09T17:10:31+00:00\" itemprop=\"dateModified\">noviembre 9, 2023<\/time><\/a>\n\t\t\t\t<\/span><\/div>\t\t\t\t\t\t<\/header><!-- .entry-header -->\n\t\t\t\t\t\t\t<div class=\"wp-show-posts-image  wpsp-image-center \">\n\t\t\t<a href=\"https:\/\/ec-construccion.com\/?p=1996\"  title=\"Silestone vs. Porcel\u00e1nico: La Elecci\u00f3n Perfecta para tu Encimera de Cocina\"><img loading=\"lazy\" decoding=\"async\" width=\"420\" height=\"420\" src=\"https:\/\/ec-construccion.com\/wp-content\/uploads\/2023\/11\/silestone.webp\" class=\"attachment-full size-full wp-post-image\" alt=\"\" itemprop=\"image\" srcset=\"https:\/\/ec-construccion.com\/wp-content\/uploads\/2023\/11\/silestone.webp 420w, https:\/\/ec-construccion.com\/wp-content\/uploads\/2023\/11\/silestone-300x300.webp 300w, https:\/\/ec-construccion.com\/wp-content\/uploads\/2023\/11\/silestone-150x150.webp 150w\" sizes=\"auto, (max-width: 420px) 100vw, 420px\" \/><\/a>\t\t<\/div>\n\t\t\t\t\t\t\t\t<div class=\"wp-show-posts-entry-summary\" itemprop=\"text\">\n\t\t\t\t\t\t\t<p>Cuando se trata de elegir el material adecuado para la encimera de tu cocina, la decisi\u00f3n entre Silestone y porcel\u00e1nico es crucial. Ambos materiales tienen sus propias ventajas y caracter\u00edsticas&#8230;<\/p>\n\t\t\t\t\t\t<\/div><!-- .entry-summary -->\n\t\t\t\t\t<div class=\"wpsp-read-more\"><a title=\"Silestone vs. Porcel\u00e1nico: La Elecci\u00f3n Perfecta para tu Encimera de Cocina\" class=\"wp-show-posts-read-more\" href=\"https:\/\/ec-construccion.com\/?p=1996\">Ver m\u00e1s<\/a><\/div><\/div><!-- wp-show-posts-inner --><\/article><article class=\" wp-show-posts-single post-1924 post type-post status-publish format-standard has-post-thumbnail hentry category-faq tag-renovation tag-roofing wpsp-col-6\" itemtype=\"http:\/\/schema.org\/CreativeWork\" itemscope><div class=\"wp-show-posts-inner\" style=\"\">\t\t\t\t\t\t<header class=\"wp-show-posts-entry-header\">\n\t\t\t\t\t\t\t<h2 class=\"wp-show-posts-entry-title\" itemprop=\"headline\"><a href=\"https:\/\/ec-construccion.com\/?p=1924\" rel=\"bookmark\">La mejor reparaci\u00f3n para techos con goteras en la localidad<\/a><\/h2><div class=\"wp-show-posts-entry-meta wp-show-posts-entry-meta-below-title post-meta-inline\"><span class=\"wp-show-posts-posted-on wp-show-posts-meta\">\n\t\t\t\t\t<a href=\"https:\/\/ec-construccion.com\/?p=1924\" title=\"10:18 am\" rel=\"bookmark\"><time class=\"wp-show-posts-entry-date published\" datetime=\"2023-09-28T10:18:37+00:00\" itemprop=\"datePublished\">septiembre 28, 2023<\/time><time class=\"wp-show-posts-updated\" datetime=\"2023-11-09T12:29:51+00:00\" itemprop=\"dateModified\">noviembre 9, 2023<\/time><\/a>\n\t\t\t\t<\/span><\/div>\t\t\t\t\t\t<\/header><!-- .entry-header -->\n\t\t\t\t\t\t\t<div class=\"wp-show-posts-image  wpsp-image-center \">\n\t\t\t<a href=\"https:\/\/ec-construccion.com\/?p=1924\"  title=\"La mejor reparaci\u00f3n para techos con goteras en la localidad\"><img loading=\"lazy\" decoding=\"async\" width=\"305\" height=\"165\" src=\"https:\/\/ec-construccion.com\/wp-content\/uploads\/2023\/09\/goteras_principal.jpeg\" class=\"attachment-full size-full wp-post-image\" alt=\"\" itemprop=\"image\" srcset=\"https:\/\/ec-construccion.com\/wp-content\/uploads\/2023\/09\/goteras_principal.jpeg 305w, https:\/\/ec-construccion.com\/wp-content\/uploads\/2023\/09\/goteras_principal-300x162.jpeg 300w\" sizes=\"auto, (max-width: 305px) 100vw, 305px\" \/><\/a>\t\t<\/div>\n\t\t\t\t\t\t\t\t<div class=\"wp-show-posts-entry-summary\" itemprop=\"text\">\n\t\t\t\t\t\t\t<p>Las goteras en el techo pueden ser un problema com\u00fan, especialmente en climas impredecibles. Cuando las goteras aparecen, es crucial abordar el problema de inmediato para evitar da\u00f1os mayores en&#8230;<\/p>\n\t\t\t\t\t\t<\/div><!-- .entry-summary -->\n\t\t\t\t\t<div class=\"wpsp-read-more\"><a title=\"La mejor reparaci\u00f3n para techos con goteras en la localidad\" class=\"wp-show-posts-read-more\" href=\"https:\/\/ec-construccion.com\/?p=1924\">Ver m\u00e1s<\/a><\/div><\/div><!-- wp-show-posts-inner --><\/article><div class=\"wpsp-clear\"><\/div><\/section><!-- .wp-show-posts -->\n<\/div>\n<\/div>\n\n\n\n<div class=\"wp-block-columns is-layout-flex wp-container-core-columns-is-layout-28f84493 wp-block-columns-is-layout-flex\">\n<div class=\"wp-block-column is-layout-flow wp-block-column-is-layout-flow\">\n<figure class=\"wp-block-image size-full\"><img loading=\"lazy\" decoding=\"async\" width=\"300\" height=\"63\" src=\"https:\/\/ec-construccion.com\/wp-content\/uploads\/2023\/09\/imagen_pie_1.jpg\" alt=\"\" class=\"wp-image-1940\"\/><\/figure>\n<\/div>\n\n\n\n<div class=\"wp-block-column is-layout-flow wp-block-column-is-layout-flow\">\n<figure class=\"wp-block-image size-full\"><img loading=\"lazy\" decoding=\"async\" width=\"300\" height=\"70\" src=\"https:\/\/ec-construccion.com\/wp-content\/uploads\/2023\/09\/imagen_pie_2.jpg\" alt=\"\" class=\"wp-image-1941\"\/><\/figure>\n<\/div>\n\n\n\n<div class=\"wp-block-column is-layout-flow wp-block-column-is-layout-flow\">\n<p>Proyecto Web Financiado por la Uni\u00f3n Europea \u2013 NextGenerationEU<\/p>\n<\/div>\n<\/div>\n","protected":false},"excerpt":{"rendered":"<p>Proyecto Web Financiado por la Uni\u00f3n Europea \u2013 NextGenerationEU<\/p>\n","protected":false},"author":1,"featured_media":0,"parent":0,"menu_order":0,"comment_status":"closed","ping_status":"closed","template":"template-pagebuilder.php","meta":{"footnotes":""},"class_list":["post-1899","page","type-page","status-publish","hentry"],"yoast_head":"<!-- This site is optimized with the Yoast SEO plugin v21.2 - https:\/\/yoast.com\/wordpress\/plugins\/seo\/ -->\n<title>FAQ - Construcciones y Reformas - CONSTRUBELL CAMIR SL<\/title>\n<meta name=\"robots\" content=\"index, follow, max-snippet:-1, max-image-preview:large, max-video-preview:-1\" \/>\n<link rel=\"canonical\" href=\"https:\/\/ec-construccion.com\/?page_id=1899\" \/>\n<meta property=\"og:locale\" content=\"es_ES\" \/>\n<meta property=\"og:type\" content=\"article\" \/>\n<meta property=\"og:title\" content=\"FAQ - Construcciones y Reformas - CONSTRUBELL CAMIR SL\" \/>\n<meta property=\"og:description\" content=\"Proyecto Web Financiado por la Uni\u00f3n Europea \u2013 NextGenerationEU\" \/>\n<meta property=\"og:url\" content=\"https:\/\/ec-construccion.com\/?page_id=1899\" \/>\n<meta property=\"og:site_name\" content=\"Construcciones y Reformas - CONSTRUBELL CAMIR SL\" \/>\n<meta property=\"article:modified_time\" content=\"2023-09-28T10:41:12+00:00\" \/>\n<meta property=\"og:image\" content=\"https:\/\/demo.sparkletheme.com\/sparkle-fse\/roofing\/wp-content\/uploads\/sites\/29\/2023\/03\/breadcrumb-1.jpg\" \/>\n<meta name=\"twitter:card\" content=\"summary_large_image\" \/>\n<script type=\"application\/ld+json\" class=\"yoast-schema-graph\">{\"@context\":\"https:\/\/schema.org\",\"@graph\":[{\"@type\":\"WebPage\",\"@id\":\"https:\/\/ec-construccion.com\/?page_id=1899\",\"url\":\"https:\/\/ec-construccion.com\/?page_id=1899\",\"name\":\"FAQ - Construcciones y Reformas - CONSTRUBELL CAMIR SL\",\"isPartOf\":{\"@id\":\"https:\/\/ec-construccion.com\/#website\"},\"datePublished\":\"2023-09-28T09:54:14+00:00\",\"dateModified\":\"2023-09-28T10:41:12+00:00\",\"breadcrumb\":{\"@id\":\"https:\/\/ec-construccion.com\/?page_id=1899#breadcrumb\"},\"inLanguage\":\"es\",\"potentialAction\":[{\"@type\":\"ReadAction\",\"target\":[\"https:\/\/ec-construccion.com\/?page_id=1899\"]}]},{\"@type\":\"BreadcrumbList\",\"@id\":\"https:\/\/ec-construccion.com\/?page_id=1899#breadcrumb\",\"itemListElement\":[{\"@type\":\"ListItem\",\"position\":1,\"name\":\"Portada\",\"item\":\"https:\/\/ec-construccion.com\/\"},{\"@type\":\"ListItem\",\"position\":2,\"name\":\"FAQ\"}]},{\"@type\":\"WebSite\",\"@id\":\"https:\/\/ec-construccion.com\/#website\",\"url\":\"https:\/\/ec-construccion.com\/\",\"name\":\"Construcciones y Reformas - CONSTRUBELL CAMIR SL\",\"description\":\"\",\"publisher\":{\"@id\":\"https:\/\/ec-construccion.com\/#organization\"},\"potentialAction\":[{\"@type\":\"SearchAction\",\"target\":{\"@type\":\"EntryPoint\",\"urlTemplate\":\"https:\/\/ec-construccion.com\/?s={search_term_string}\"},\"query-input\":\"required name=search_term_string\"}],\"inLanguage\":\"es\"},{\"@type\":\"Organization\",\"@id\":\"https:\/\/ec-construccion.com\/#organization\",\"name\":\"Construcciones y Reformas - CONSTRUBELL CAMIR SL\",\"url\":\"https:\/\/ec-construccion.com\/\",\"logo\":{\"@type\":\"ImageObject\",\"inLanguage\":\"es\",\"@id\":\"https:\/\/ec-construccion.com\/#\/schema\/logo\/image\/\",\"url\":\"https:\/\/ec-construccion.com\/wp-content\/uploads\/2023\/09\/cropped-montaje_logo_slogan.png\",\"contentUrl\":\"https:\/\/ec-construccion.com\/wp-content\/uploads\/2023\/09\/cropped-montaje_logo_slogan.png\",\"width\":861,\"height\":305,\"caption\":\"Construcciones y Reformas - CONSTRUBELL CAMIR SL\"},\"image\":{\"@id\":\"https:\/\/ec-construccion.com\/#\/schema\/logo\/image\/\"}}]}<\/script>\n<!-- \/ Yoast SEO plugin. -->","yoast_head_json":{"title":"FAQ - Construcciones y Reformas - CONSTRUBELL CAMIR SL","robots":{"index":"index","follow":"follow","max-snippet":"max-snippet:-1","max-image-preview":"max-image-preview:large","max-video-preview":"max-video-preview:-1"},"canonical":"https:\/\/ec-construccion.com\/?page_id=1899","og_locale":"es_ES","og_type":"article","og_title":"FAQ - Construcciones y Reformas - CONSTRUBELL CAMIR SL","og_description":"Proyecto Web Financiado por la Uni\u00f3n Europea \u2013 NextGenerationEU","og_url":"https:\/\/ec-construccion.com\/?page_id=1899","og_site_name":"Construcciones y Reformas - CONSTRUBELL CAMIR SL","article_modified_time":"2023-09-28T10:41:12+00:00","og_image":[{"url":"https:\/\/demo.sparkletheme.com\/sparkle-fse\/roofing\/wp-content\/uploads\/sites\/29\/2023\/03\/breadcrumb-1.jpg"}],"twitter_card":"summary_large_image","schema":{"@context":"https:\/\/schema.org","@graph":[{"@type":"WebPage","@id":"https:\/\/ec-construccion.com\/?page_id=1899","url":"https:\/\/ec-construccion.com\/?page_id=1899","name":"FAQ - Construcciones y Reformas - CONSTRUBELL CAMIR SL","isPartOf":{"@id":"https:\/\/ec-construccion.com\/#website"},"datePublished":"2023-09-28T09:54:14+00:00","dateModified":"2023-09-28T10:41:12+00:00","breadcrumb":{"@id":"https:\/\/ec-construccion.com\/?page_id=1899#breadcrumb"},"inLanguage":"es","potentialAction":[{"@type":"ReadAction","target":["https:\/\/ec-construccion.com\/?page_id=1899"]}]},{"@type":"BreadcrumbList","@id":"https:\/\/ec-construccion.com\/?page_id=1899#breadcrumb","itemListElement":[{"@type":"ListItem","position":1,"name":"Portada","item":"https:\/\/ec-construccion.com\/"},{"@type":"ListItem","position":2,"name":"FAQ"}]},{"@type":"WebSite","@id":"https:\/\/ec-construccion.com\/#website","url":"https:\/\/ec-construccion.com\/","name":"Construcciones y Reformas - CONSTRUBELL CAMIR SL","description":"","publisher":{"@id":"https:\/\/ec-construccion.com\/#organization"},"potentialAction":[{"@type":"SearchAction","target":{"@type":"EntryPoint","urlTemplate":"https:\/\/ec-construccion.com\/?s={search_term_string}"},"query-input":"required name=search_term_string"}],"inLanguage":"es"},{"@type":"Organization","@id":"https:\/\/ec-construccion.com\/#organization","name":"Construcciones y Reformas - CONSTRUBELL CAMIR SL","url":"https:\/\/ec-construccion.com\/","logo":{"@type":"ImageObject","inLanguage":"es","@id":"https:\/\/ec-construccion.com\/#\/schema\/logo\/image\/","url":"https:\/\/ec-construccion.com\/wp-content\/uploads\/2023\/09\/cropped-montaje_logo_slogan.png","contentUrl":"https:\/\/ec-construccion.com\/wp-content\/uploads\/2023\/09\/cropped-montaje_logo_slogan.png","width":861,"height":305,"caption":"Construcciones y Reformas - CONSTRUBELL CAMIR SL"},"image":{"@id":"https:\/\/ec-construccion.com\/#\/schema\/logo\/image\/"}}]}},"_links":{"self":[{"href":"https:\/\/ec-construccion.com\/index.php?rest_route=\/wp\/v2\/pages\/1899","targetHints":{"allow":["GET"]}}],"collection":[{"href":"https:\/\/ec-construccion.com\/index.php?rest_route=\/wp\/v2\/pages"}],"about":[{"href":"https:\/\/ec-construccion.com\/index.php?rest_route=\/wp\/v2\/types\/page"}],"author":[{"embeddable":true,"href":"https:\/\/ec-construccion.com\/index.php?rest_route=\/wp\/v2\/users\/1"}],"replies":[{"embeddable":true,"href":"https:\/\/ec-construccion.com\/index.php?rest_route=%2Fwp%2Fv2%2Fcomments&post=1899"}],"version-history":[{"count":3,"href":"https:\/\/ec-construccion.com\/index.php?rest_route=\/wp\/v2\/pages\/1899\/revisions"}],"predecessor-version":[{"id":1946,"href":"https:\/\/ec-construccion.com\/index.php?rest_route=\/wp\/v2\/pages\/1899\/revisions\/1946"}],"wp:attachment":[{"href":"https:\/\/ec-construccion.com\/index.php?rest_route=%2Fwp%2Fv2%2Fmedia&parent=1899"}],"curies":[{"name":"wp","href":"https:\/\/api.w.org\/{rel}","templated":true}]}}