{"id":1909,"date":"2023-09-28T10:06:00","date_gmt":"2023-09-28T10:06:00","guid":{"rendered":"https:\/\/ec-construccion.com\/?page_id=1909"},"modified":"2023-09-28T10:06:01","modified_gmt":"2023-09-28T10:06:01","slug":"projects","status":"publish","type":"page","link":"https:\/\/ec-construccion.com\/?page_id=1909&lang=en","title":{"rendered":"Projects"},"content":{"rendered":"\n<div class=\"wp-block-group alignfull is-layout-constrained wp-block-group-is-layout-constrained\">\n<div class=\"wp-block-cover alignfull is-light breadcrumb\" style=\"padding-top:4rem;min-height:20vh;aspect-ratio:unset;\"><span aria-hidden=\"true\" class=\"wp-block-cover__background has-background-dim-20 has-background-dim\"><\/span><img decoding=\"async\" class=\"wp-block-cover__image-background wp-image-490\" alt=\"\" src=\"https:\/\/demo.sparkletheme.com\/sparkle-fse\/roofing\/wp-content\/uploads\/sites\/29\/2023\/03\/breadcrumb-1.jpg\" data-object-fit=\"cover\"\/><div class=\"wp-block-cover__inner-container is-layout-flow wp-block-cover-is-layout-flow\">\n<div class=\"wp-block-group is-layout-constrained wp-container-core-group-is-layout-19e250f3 wp-block-group-is-layout-constrained\">\n<div class=\"wp-block-group alignwide is-layout-constrained wp-container-core-group-is-layout-92b9201d wp-block-group-is-layout-constrained\">\n<h2 class=\"wp-block-heading alignwide has-background-color has-text-color has-extra-huge-font-size\">Projects<\/h2>\n\n\n\n<div class=\"wp-block-group alignwide is-nowrap is-layout-flex wp-container-core-group-is-layout-4b0a85f0 wp-block-group-is-layout-flex\">\n<p class=\"has-background-color has-text-color has-medium-font-size\" style=\"font-style:normal;font-weight:600\">Home<\/p>\n\n\n\n<p class=\"has-background-color has-text-color has-medium-font-size\">\/<\/p>\n\n\n\n<p class=\"has-text-color has-medium-font-size\" style=\"color:#d1d1d1\">Projects<\/p>\n<\/div>\n<\/div>\n<\/div>\n<\/div><\/div>\n\n\n\n<div class=\"wp-block-group alignfull is-nowrap is-layout-flex wp-container-core-group-is-layout-6c531013 wp-block-group-is-layout-flex\"><style>.wp-show-posts-columns#wpsp-1911 {margin-left: -2em; }.wp-show-posts-columns#wpsp-1911 .wp-show-posts-inner {margin: 0 0 2em 2em; }<\/style><section id=\"wpsp-1911\" class=\" wp-show-posts-columns wp-show-posts\" style=\"\"><article class=\" wp-show-posts-single post-2059 post type-post status-publish format-standard has-post-thumbnail hentry category-proyectos tag-renovation tag-roofing wpsp-col-6\" itemtype=\"http:\/\/schema.org\/CreativeWork\" itemscope><div class=\"wp-show-posts-inner\" style=\"\">\t\t\t\t\t\t<header class=\"wp-show-posts-entry-header\">\n\t\t\t\t\t\t\t<h2 class=\"wp-show-posts-entry-title\" itemprop=\"headline\"><a href=\"https:\/\/ec-construccion.com\/?p=2059\" rel=\"bookmark\">Reforma de Cocina Paseo Leman<\/a><\/h2><div class=\"wp-show-posts-entry-meta wp-show-posts-entry-meta-below-title post-meta-inline\"><span class=\"wp-show-posts-posted-on wp-show-posts-meta\">\n\t\t\t\t\t<a href=\"https:\/\/ec-construccion.com\/?p=2059\" title=\"5:04 pm\" rel=\"bookmark\"><time class=\"wp-show-posts-entry-date published\" datetime=\"2023-11-27T17:04:54+00:00\" itemprop=\"datePublished\">noviembre 27, 2023<\/time><time class=\"wp-show-posts-updated\" datetime=\"2023-11-27T17:09:42+00:00\" itemprop=\"dateModified\">noviembre 27, 2023<\/time><\/a>\n\t\t\t\t<\/span><\/div>\t\t\t\t\t\t<\/header><!-- .entry-header -->\n\t\t\t\t\t\t\t<div class=\"wp-show-posts-image  wpsp-image-center \">\n\t\t\t<a href=\"https:\/\/ec-construccion.com\/?p=2059\"  title=\"Reforma de Cocina Paseo Leman\"><img loading=\"lazy\" decoding=\"async\" width=\"768\" height=\"1024\" src=\"https:\/\/ec-construccion.com\/wp-content\/uploads\/2023\/11\/WhatsApp-Image-2023-09-17-at-16.42.40-2.jpeg\" class=\"attachment-full size-full wp-post-image\" alt=\"\" itemprop=\"image\" srcset=\"https:\/\/ec-construccion.com\/wp-content\/uploads\/2023\/11\/WhatsApp-Image-2023-09-17-at-16.42.40-2.jpeg 768w, https:\/\/ec-construccion.com\/wp-content\/uploads\/2023\/11\/WhatsApp-Image-2023-09-17-at-16.42.40-2-225x300.jpeg 225w\" sizes=\"auto, (max-width: 768px) 100vw, 768px\" \/><\/a>\t\t<\/div>\n\t\t\t\t\t\t\t\t<div class=\"wp-show-posts-entry-summary\" itemprop=\"text\">\n\t\t\t\t\t\t\t<p>Antes de la Reforma Antes de embarcarnos en este emocionante proyecto de reforma de cocina, nos encontramos con un espacio que, aunque funcional, carec\u00eda de estilo y eficiencia. Las paredes&#8230;<\/p>\n\t\t\t\t\t\t<\/div><!-- .entry-summary -->\n\t\t\t\t\t<div class=\"wpsp-read-more\"><a title=\"Reforma de Cocina Paseo Leman\" class=\"wp-show-posts-read-more\" href=\"https:\/\/ec-construccion.com\/?p=2059\">More<\/a><\/div><\/div><!-- wp-show-posts-inner --><\/article><article class=\" wp-show-posts-single post-2004 post type-post status-publish format-standard has-post-thumbnail hentry category-proyectos tag-renovation tag-roofing wpsp-col-6\" itemtype=\"http:\/\/schema.org\/CreativeWork\" itemscope><div class=\"wp-show-posts-inner\" style=\"\">\t\t\t\t\t\t<header class=\"wp-show-posts-entry-header\">\n\t\t\t\t\t\t\t<h2 class=\"wp-show-posts-entry-title\" itemprop=\"headline\"><a href=\"https:\/\/ec-construccion.com\/?p=2004\" rel=\"bookmark\">Nueva Piscina<\/a><\/h2><div class=\"wp-show-posts-entry-meta wp-show-posts-entry-meta-below-title post-meta-inline\"><span class=\"wp-show-posts-posted-on wp-show-posts-meta\">\n\t\t\t\t\t<a href=\"https:\/\/ec-construccion.com\/?p=2004\" title=\"5:17 pm\" rel=\"bookmark\"><time class=\"wp-show-posts-entry-date published\" datetime=\"2023-11-09T17:17:52+00:00\" itemprop=\"datePublished\">noviembre 9, 2023<\/time><time class=\"wp-show-posts-updated\" datetime=\"2023-11-27T16:42:05+00:00\" itemprop=\"dateModified\">noviembre 27, 2023<\/time><\/a>\n\t\t\t\t<\/span><\/div>\t\t\t\t\t\t<\/header><!-- .entry-header -->\n\t\t\t\t\t\t\t<div class=\"wp-show-posts-image  wpsp-image-center \">\n\t\t\t<a href=\"https:\/\/ec-construccion.com\/?p=2004\"  title=\"Nueva Piscina\"><img loading=\"lazy\" decoding=\"async\" width=\"1920\" height=\"2560\" src=\"https:\/\/ec-construccion.com\/wp-content\/uploads\/2023\/11\/IMG_6152photo-scaled.jpg\" class=\"attachment-full size-full wp-post-image\" alt=\"\" itemprop=\"image\" srcset=\"https:\/\/ec-construccion.com\/wp-content\/uploads\/2023\/11\/IMG_6152photo-scaled.jpg 1920w, https:\/\/ec-construccion.com\/wp-content\/uploads\/2023\/11\/IMG_6152photo-225x300.jpg 225w, https:\/\/ec-construccion.com\/wp-content\/uploads\/2023\/11\/IMG_6152photo-768x1024.jpg 768w, https:\/\/ec-construccion.com\/wp-content\/uploads\/2023\/11\/IMG_6152photo-1600x2133.jpg 1600w, https:\/\/ec-construccion.com\/wp-content\/uploads\/2023\/11\/IMG_6152photo-1152x1536.jpg 1152w, https:\/\/ec-construccion.com\/wp-content\/uploads\/2023\/11\/IMG_6152photo-1536x2048.jpg 1536w\" sizes=\"auto, (max-width: 1920px) 100vw, 1920px\" \/><\/a>\t\t<\/div>\n\t\t\t\t\t\t\t\t<div class=\"wp-show-posts-entry-summary\" itemprop=\"text\">\n\t\t\t\t\t\t\t<p>Durante la contrucci\u00f3n Despu\u00e9s de la Reforma Fotos del resultado CUANDO: Septiembre 2022 DURACI\u00d3N: 1 MES DONDE: LA ELIANA Construir una piscina puede ser un emocionante proyecto que agrega valor&#8230;<\/p>\n\t\t\t\t\t\t<\/div><!-- .entry-summary -->\n\t\t\t\t\t<div class=\"wpsp-read-more\"><a title=\"Nueva Piscina\" class=\"wp-show-posts-read-more\" href=\"https:\/\/ec-construccion.com\/?p=2004\">More<\/a><\/div><\/div><!-- wp-show-posts-inner --><\/article><div class=\"wpsp-clear\"><\/div><\/section><!-- .wp-show-posts -->\n<\/div>\n<\/div>\n","protected":false},"excerpt":{"rendered":"","protected":false},"author":1,"featured_media":0,"parent":0,"menu_order":0,"comment_status":"closed","ping_status":"closed","template":"template-pagebuilder.php","meta":{"footnotes":""},"class_list":["post-1909","page","type-page","status-publish","hentry"],"yoast_head":"<!-- This site is optimized with the Yoast SEO plugin v21.2 - https:\/\/yoast.com\/wordpress\/plugins\/seo\/ -->\n<title>Projects - Construcciones y Reformas - CONSTRUBELL CAMIR SL<\/title>\n<meta name=\"robots\" content=\"index, follow, max-snippet:-1, max-image-preview:large, max-video-preview:-1\" \/>\n<link rel=\"canonical\" href=\"https:\/\/ec-construccion.com\/?page_id=1909&lang=en\" \/>\n<meta property=\"og:locale\" content=\"es_ES\" \/>\n<meta property=\"og:type\" content=\"article\" \/>\n<meta property=\"og:title\" content=\"Projects - Construcciones y Reformas - CONSTRUBELL CAMIR SL\" \/>\n<meta property=\"og:url\" content=\"https:\/\/ec-construccion.com\/?page_id=1909&amp;lang=en\" \/>\n<meta property=\"og:site_name\" content=\"Construcciones y Reformas - CONSTRUBELL CAMIR SL\" \/>\n<meta property=\"article:modified_time\" content=\"2023-09-28T10:06:01+00:00\" \/>\n<meta property=\"og:image\" content=\"https:\/\/demo.sparkletheme.com\/sparkle-fse\/roofing\/wp-content\/uploads\/sites\/29\/2023\/03\/breadcrumb-1.jpg\" \/>\n<meta name=\"twitter:card\" content=\"summary_large_image\" \/>\n<meta name=\"twitter:label1\" content=\"Tiempo de lectura\" \/>\n\t<meta name=\"twitter:data1\" content=\"1 minuto\" \/>\n<script type=\"application\/ld+json\" class=\"yoast-schema-graph\">{\"@context\":\"https:\/\/schema.org\",\"@graph\":[{\"@type\":\"WebPage\",\"@id\":\"https:\/\/ec-construccion.com\/?page_id=1909&lang=en\",\"url\":\"https:\/\/ec-construccion.com\/?page_id=1909&lang=en\",\"name\":\"Projects - Construcciones y Reformas - CONSTRUBELL CAMIR SL\",\"isPartOf\":{\"@id\":\"https:\/\/ec-construccion.com\/#website\"},\"datePublished\":\"2023-09-28T10:06:00+00:00\",\"dateModified\":\"2023-09-28T10:06:01+00:00\",\"breadcrumb\":{\"@id\":\"https:\/\/ec-construccion.com\/?page_id=1909&lang=en#breadcrumb\"},\"inLanguage\":\"es\",\"potentialAction\":[{\"@type\":\"ReadAction\",\"target\":[\"https:\/\/ec-construccion.com\/?page_id=1909&lang=en\"]}]},{\"@type\":\"BreadcrumbList\",\"@id\":\"https:\/\/ec-construccion.com\/?page_id=1909&lang=en#breadcrumb\",\"itemListElement\":[{\"@type\":\"ListItem\",\"position\":1,\"name\":\"Portada\",\"item\":\"https:\/\/ec-construccion.com\/\"},{\"@type\":\"ListItem\",\"position\":2,\"name\":\"Projects\"}]},{\"@type\":\"WebSite\",\"@id\":\"https:\/\/ec-construccion.com\/#website\",\"url\":\"https:\/\/ec-construccion.com\/\",\"name\":\"Construcciones y Reformas - CONSTRUBELL CAMIR SL\",\"description\":\"\",\"publisher\":{\"@id\":\"https:\/\/ec-construccion.com\/#organization\"},\"potentialAction\":[{\"@type\":\"SearchAction\",\"target\":{\"@type\":\"EntryPoint\",\"urlTemplate\":\"https:\/\/ec-construccion.com\/?s={search_term_string}\"},\"query-input\":\"required name=search_term_string\"}],\"inLanguage\":\"es\"},{\"@type\":\"Organization\",\"@id\":\"https:\/\/ec-construccion.com\/#organization\",\"name\":\"Construcciones y Reformas - CONSTRUBELL CAMIR SL\",\"url\":\"https:\/\/ec-construccion.com\/\",\"logo\":{\"@type\":\"ImageObject\",\"inLanguage\":\"es\",\"@id\":\"https:\/\/ec-construccion.com\/#\/schema\/logo\/image\/\",\"url\":\"https:\/\/ec-construccion.com\/wp-content\/uploads\/2023\/09\/cropped-montaje_logo_slogan.png\",\"contentUrl\":\"https:\/\/ec-construccion.com\/wp-content\/uploads\/2023\/09\/cropped-montaje_logo_slogan.png\",\"width\":861,\"height\":305,\"caption\":\"Construcciones y Reformas - CONSTRUBELL CAMIR SL\"},\"image\":{\"@id\":\"https:\/\/ec-construccion.com\/#\/schema\/logo\/image\/\"}}]}<\/script>\n<!-- \/ Yoast SEO plugin. -->","yoast_head_json":{"title":"Projects - Construcciones y Reformas - CONSTRUBELL CAMIR SL","robots":{"index":"index","follow":"follow","max-snippet":"max-snippet:-1","max-image-preview":"max-image-preview:large","max-video-preview":"max-video-preview:-1"},"canonical":"https:\/\/ec-construccion.com\/?page_id=1909&lang=en","og_locale":"es_ES","og_type":"article","og_title":"Projects - Construcciones y Reformas - CONSTRUBELL CAMIR SL","og_url":"https:\/\/ec-construccion.com\/?page_id=1909&lang=en","og_site_name":"Construcciones y Reformas - CONSTRUBELL CAMIR SL","article_modified_time":"2023-09-28T10:06:01+00:00","og_image":[{"url":"https:\/\/demo.sparkletheme.com\/sparkle-fse\/roofing\/wp-content\/uploads\/sites\/29\/2023\/03\/breadcrumb-1.jpg"}],"twitter_card":"summary_large_image","twitter_misc":{"Tiempo de lectura":"1 minuto"},"schema":{"@context":"https:\/\/schema.org","@graph":[{"@type":"WebPage","@id":"https:\/\/ec-construccion.com\/?page_id=1909&lang=en","url":"https:\/\/ec-construccion.com\/?page_id=1909&lang=en","name":"Projects - Construcciones y Reformas - CONSTRUBELL CAMIR SL","isPartOf":{"@id":"https:\/\/ec-construccion.com\/#website"},"datePublished":"2023-09-28T10:06:00+00:00","dateModified":"2023-09-28T10:06:01+00:00","breadcrumb":{"@id":"https:\/\/ec-construccion.com\/?page_id=1909&lang=en#breadcrumb"},"inLanguage":"es","potentialAction":[{"@type":"ReadAction","target":["https:\/\/ec-construccion.com\/?page_id=1909&lang=en"]}]},{"@type":"BreadcrumbList","@id":"https:\/\/ec-construccion.com\/?page_id=1909&lang=en#breadcrumb","itemListElement":[{"@type":"ListItem","position":1,"name":"Portada","item":"https:\/\/ec-construccion.com\/"},{"@type":"ListItem","position":2,"name":"Projects"}]},{"@type":"WebSite","@id":"https:\/\/ec-construccion.com\/#website","url":"https:\/\/ec-construccion.com\/","name":"Construcciones y Reformas - CONSTRUBELL CAMIR SL","description":"","publisher":{"@id":"https:\/\/ec-construccion.com\/#organization"},"potentialAction":[{"@type":"SearchAction","target":{"@type":"EntryPoint","urlTemplate":"https:\/\/ec-construccion.com\/?s={search_term_string}"},"query-input":"required name=search_term_string"}],"inLanguage":"es"},{"@type":"Organization","@id":"https:\/\/ec-construccion.com\/#organization","name":"Construcciones y Reformas - CONSTRUBELL CAMIR SL","url":"https:\/\/ec-construccion.com\/","logo":{"@type":"ImageObject","inLanguage":"es","@id":"https:\/\/ec-construccion.com\/#\/schema\/logo\/image\/","url":"https:\/\/ec-construccion.com\/wp-content\/uploads\/2023\/09\/cropped-montaje_logo_slogan.png","contentUrl":"https:\/\/ec-construccion.com\/wp-content\/uploads\/2023\/09\/cropped-montaje_logo_slogan.png","width":861,"height":305,"caption":"Construcciones y Reformas - CONSTRUBELL CAMIR SL"},"image":{"@id":"https:\/\/ec-construccion.com\/#\/schema\/logo\/image\/"}}]}},"_links":{"self":[{"href":"https:\/\/ec-construccion.com\/index.php?rest_route=\/wp\/v2\/pages\/1909","targetHints":{"allow":["GET"]}}],"collection":[{"href":"https:\/\/ec-construccion.com\/index.php?rest_route=\/wp\/v2\/pages"}],"about":[{"href":"https:\/\/ec-construccion.com\/index.php?rest_route=\/wp\/v2\/types\/page"}],"author":[{"embeddable":true,"href":"https:\/\/ec-construccion.com\/index.php?rest_route=\/wp\/v2\/users\/1"}],"replies":[{"embeddable":true,"href":"https:\/\/ec-construccion.com\/index.php?rest_route=%2Fwp%2Fv2%2Fcomments&post=1909"}],"version-history":[{"count":2,"href":"https:\/\/ec-construccion.com\/index.php?rest_route=\/wp\/v2\/pages\/1909\/revisions"}],"predecessor-version":[{"id":1912,"href":"https:\/\/ec-construccion.com\/index.php?rest_route=\/wp\/v2\/pages\/1909\/revisions\/1912"}],"wp:attachment":[{"href":"https:\/\/ec-construccion.com\/index.php?rest_route=%2Fwp%2Fv2%2Fmedia&parent=1909"}],"curies":[{"name":"wp","href":"https:\/\/api.w.org\/{rel}","templated":true}]}}