{"id":32,"date":"2023-03-24T06:09:41","date_gmt":"2023-03-24T06:09:41","guid":{"rendered":"https:\/\/demo.sparklewpthemes.com\/constructionlight\/renonvation\/?page_id=32"},"modified":"2023-09-28T10:41:41","modified_gmt":"2023-09-28T10:41:41","slug":"about-us","status":"publish","type":"page","link":"https:\/\/ec-construccion.com\/?page_id=32","title":{"rendered":"Nosotros"},"content":{"rendered":"\n<div class=\"wp-block-group alignfull is-layout-constrained wp-block-group-is-layout-constrained\">\n<div class=\"wp-block-cover alignfull is-light breadcrumb\" style=\"padding-top:4rem;min-height:20vh;aspect-ratio:unset;\"><span aria-hidden=\"true\" class=\"wp-block-cover__background has-background-dim-20 has-background-dim\"><\/span><img loading=\"lazy\" decoding=\"async\" width=\"1920\" height=\"365\" class=\"wp-block-cover__image-background wp-image-74\" alt=\"\" src=\"https:\/\/ec-construccion.com\/wp-content\/uploads\/2023\/03\/breadcrumb-1.jpeg\" data-object-fit=\"cover\" srcset=\"https:\/\/ec-construccion.com\/wp-content\/uploads\/2023\/03\/breadcrumb-1.jpeg 1920w, https:\/\/ec-construccion.com\/wp-content\/uploads\/2023\/03\/breadcrumb-1-300x57.jpeg 300w, https:\/\/ec-construccion.com\/wp-content\/uploads\/2023\/03\/breadcrumb-1-1024x195.jpeg 1024w, https:\/\/ec-construccion.com\/wp-content\/uploads\/2023\/03\/breadcrumb-1-768x146.jpeg 768w, https:\/\/ec-construccion.com\/wp-content\/uploads\/2023\/03\/breadcrumb-1-1600x304.jpeg 1600w, https:\/\/ec-construccion.com\/wp-content\/uploads\/2023\/03\/breadcrumb-1-1536x292.jpeg 1536w\" sizes=\"auto, (max-width: 1920px) 100vw, 1920px\" \/><div class=\"wp-block-cover__inner-container is-layout-flow wp-block-cover-is-layout-flow\">\n<div class=\"wp-block-group is-layout-constrained wp-container-core-group-is-layout-19e250f3 wp-block-group-is-layout-constrained\">\n<div class=\"wp-block-group alignwide is-layout-constrained wp-container-core-group-is-layout-92b9201d wp-block-group-is-layout-constrained\">\n<h2 class=\"wp-block-heading alignwide has-background-color has-text-color has-extra-huge-font-size\">Sobre nosotros<\/h2>\n\n\n\n<div class=\"wp-block-group alignwide is-nowrap is-layout-flex wp-container-core-group-is-layout-4b0a85f0 wp-block-group-is-layout-flex\">\n<p class=\"has-background-color has-text-color has-medium-font-size\" style=\"font-style:normal;font-weight:600\">Inicio<\/p>\n\n\n\n<p class=\"has-background-color has-text-color has-medium-font-size\">\/<\/p>\n\n\n\n<p class=\"has-text-color has-medium-font-size\" style=\"color:#d1d1d1\">Nosotros<\/p>\n<\/div>\n<\/div>\n<\/div>\n<\/div><\/div>\n<\/div>\n\n\n\n<div class=\"wp-block-group alignfull has-background-background-color has-background is-layout-constrained wp-container-core-group-is-layout-f7be663e wp-block-group-is-layout-constrained\" id=\"about\" style=\"border-style:none;border-width:0px;padding-top:0px;padding-right:0;padding-bottom:0px;padding-left:0\">\n<div class=\"wp-block-cover alignfull is-light\" style=\"padding-right:0;padding-bottom:0;padding-left:0\"><span aria-hidden=\"true\" class=\"wp-block-cover__background has-background-dim-0 has-background-dim\"><\/span><div class=\"wp-block-cover__inner-container is-layout-flow wp-block-cover-is-layout-flow\">\n<div class=\"wp-block-group is-layout-constrained wp-container-core-group-is-layout-88a89941 wp-block-group-is-layout-constrained\" style=\"padding-top:80px;padding-right:var(--wp--preset--spacing--30);padding-bottom:0px;padding-left:var(--wp--preset--spacing--30)\">\n<div class=\"wp-block-columns alignwide is-layout-flex wp-container-core-columns-is-layout-731cc08c wp-block-columns-is-layout-flex\">\n<div class=\"wp-block-column is-layout-flow wp-block-column-is-layout-flow\">\n<div class=\"wp-block-group is-layout-constrained wp-container-core-group-is-layout-bdcbbb17 wp-block-group-is-layout-constrained\">\n<div class=\"wp-block-group is-layout-constrained wp-container-core-group-is-layout-19e250f3 wp-block-group-is-layout-constrained\">\n<h2 class=\"wp-block-heading has-secondary-color has-text-color has-poppins-font-family\" style=\"font-size:17.6px;font-style:normal;font-weight:400;line-height:1.8\"><strong>QUIENES SOMOS<\/strong><\/h2>\n\n\n\n<h2 class=\"wp-block-heading has-foreground-color has-text-color has-slider-title-font-size\" style=\"font-style:normal;font-weight:500;line-height:1.2\">Con m\u00e1s de 20 a\u00f1os de experiencia en el sector de la construcci\u00f3n<strong> <\/strong><\/h2>\n<\/div>\n\n\n\n<div class=\"wp-block-group is-layout-constrained wp-container-core-group-is-layout-19e250f3 wp-block-group-is-layout-constrained\">\n<p class=\"has-foreground-color has-text-color has-poppins-font-family has-medium-font-size\" style=\"font-style:normal;font-weight:300\">En Construbell, nuestra pasi\u00f3n es transformar espacios y hacer realidad tus sue\u00f1os de dise\u00f1o y construcci\u00f3n. Con a\u00f1os de experiencia en el sector, nos hemos convertido en un referente de excelencia y calidad en reformas y construcci\u00f3n.<\/p>\n\n\n\n<p class=\"has-foreground-color has-text-color has-poppins-font-family has-medium-font-size\" style=\"font-style:normal;font-weight:300\"><\/p>\n<\/div>\n\n\n\n<div class=\"wp-block-group is-layout-constrained wp-block-group-is-layout-constrained\">\n<div class=\"wp-block-columns is-layout-flex wp-container-core-columns-is-layout-28f84493 wp-block-columns-is-layout-flex\">\n<div class=\"wp-block-column is-layout-flow wp-block-column-is-layout-flow\">\n<div class=\"wp-block-group is-layout-constrained wp-container-core-group-is-layout-29c79c94 wp-block-group-is-layout-constrained\" style=\"border-style:none;border-width:0px\">\n<div class=\"wp-block-cover alignfull is-light\" style=\"min-height:192px;aspect-ratio:unset;\"><span aria-hidden=\"true\" class=\"wp-block-cover__background has-background-dim-10 has-background-dim\"><\/span><img loading=\"lazy\" decoding=\"async\" width=\"1024\" height=\"646\" class=\"wp-block-cover__image-background wp-image-1742\" alt=\"\" src=\"https:\/\/ec-construccion.com\/wp-content\/uploads\/2023\/09\/cocinas-1.jpg\" data-object-fit=\"cover\" srcset=\"https:\/\/ec-construccion.com\/wp-content\/uploads\/2023\/09\/cocinas-1.jpg 1024w, https:\/\/ec-construccion.com\/wp-content\/uploads\/2023\/09\/cocinas-1-300x189.jpg 300w, https:\/\/ec-construccion.com\/wp-content\/uploads\/2023\/09\/cocinas-1-768x485.jpg 768w\" sizes=\"auto, (max-width: 1024px) 100vw, 1024px\" \/><div class=\"wp-block-cover__inner-container is-layout-flow wp-block-cover-is-layout-flow\">\n<p class=\"has-text-align-center has-large-font-size\"><\/p>\n<\/div><\/div>\n<\/div>\n<\/div>\n\n\n\n<div class=\"wp-block-column is-vertically-aligned-center is-layout-flow wp-block-column-is-layout-flow\">\n<div class=\"wp-block-group is-layout-constrained wp-block-group-is-layout-constrained\">\n<p class=\"has-foreground-color has-text-color has-poppins-font-family has-medium-font-size\" style=\"font-style:normal;font-weight:300\">Nuestro compromiso con la innovaci\u00f3n y la atenci\u00f3n al cliente nos distingue. Cada proyecto que emprendemos es una oportunidad para crear soluciones \u00fanicas y funcionales que se adaptan a tus necesidades y estilo de vida.<\/p>\n<\/div>\n<\/div>\n<\/div>\n\n\n\n<p><\/p>\n<\/div>\n\n\n\n<div class=\"wp-block-group is-layout-constrained wp-container-core-group-is-layout-19e250f3 wp-block-group-is-layout-constrained\">\n<p>Nuestro equipo de expertos en arquitectura, dise\u00f1o interior y construcci\u00f3n trabaja en estrecha colaboraci\u00f3n contigo para garantizar que cada detalle de tu proyecto sea cuidadosamente planificado y ejecutado. Desde reformas de cocinas y ba\u00f1os hasta proyectos de obra nueva, estamos comprometidos con la excelencia en cada paso del proceso.<\/p>\n<\/div>\n\n\n\n<p><\/p>\n\n\n\n<div class=\"wp-block-group is-layout-constrained wp-container-core-group-is-layout-19e250f3 wp-block-group-is-layout-constrained\">\n<p>En Construbell, no solo construimos estructuras, construimos hogares y espacios que inspiran. Creemos en la sostenibilidad, la calidad y el compromiso con el cliente como principios fundamentales. Estamos ansiosos por ser parte de tu pr\u00f3ximo proyecto y hacer que tu visi\u00f3n se convierta en realidad.<\/p>\n<\/div>\n\n\n\n<div class=\"wp-block-group is-content-justification-space-between is-layout-flex wp-container-core-group-is-layout-cbd97d6d wp-block-group-is-layout-flex\" style=\"margin-top:var(--wp--preset--spacing--60);margin-bottom:0\">\n<div class=\"wp-block-group is-nowrap is-layout-flex wp-container-core-group-is-layout-f1189ed3 wp-block-group-is-layout-flex\">\n<div class=\"wp-block-group has-border-color has-border-border-color has-background-color has-primary-background-color has-text-color has-background has-link-color wp-elements-1574b1da6dde2a2c6e37b298fa87de0e is-layout-constrained wp-container-core-group-is-layout-23b1a4dc wp-block-group-is-layout-constrained\" style=\"border-width:2px;border-radius:100px;padding-top:var(--wp--preset--spacing--30);padding-right:var(--wp--preset--spacing--30);padding-bottom:var(--wp--preset--spacing--30);padding-left:var(--wp--preset--spacing--30)\">\n<p class=\"dashicons dashicons-smartphone\" style=\"font-size:36px\"><\/p>\n<\/div>\n\n\n\n<div class=\"wp-block-group is-layout-constrained wp-container-core-group-is-layout-19e250f3 wp-block-group-is-layout-constrained\">\n<h6 class=\"wp-block-heading\" style=\"font-style:normal;font-weight:300\">Tel\u00e9fono<\/h6>\n\n\n\n<p style=\"font-style:normal;font-weight:700\"><a href=\"tel:96 107 95 89\">96 107 95 89<\/a><\/p>\n<\/div>\n<\/div>\n\n\n\n<div class=\"wp-block-group is-nowrap is-layout-flex wp-container-core-group-is-layout-f1189ed3 wp-block-group-is-layout-flex\">\n<div class=\"wp-block-group has-border-color has-border-border-color has-background-color has-primary-background-color has-text-color has-background has-link-color wp-elements-242588ec8adec83ddc2cd907c12e8a86 is-layout-constrained wp-container-core-group-is-layout-23b1a4dc wp-block-group-is-layout-constrained\" style=\"border-width:2px;border-radius:100px;padding-top:var(--wp--preset--spacing--30);padding-right:var(--wp--preset--spacing--30);padding-bottom:var(--wp--preset--spacing--30);padding-left:var(--wp--preset--spacing--30)\">\n<p class=\"dashicons dashicons-email\" style=\"font-size:36px\"><\/p>\n<\/div>\n\n\n\n<div class=\"wp-block-group is-layout-constrained wp-container-core-group-is-layout-19e250f3 wp-block-group-is-layout-constrained\">\n<h6 class=\"wp-block-heading\" style=\"font-style:normal;font-weight:300\">Email<\/h6>\n\n\n\n<p style=\"font-style:normal;font-weight:700\"><a href=\"mailto:info@ec-construccion.com\">info@ec-construccion.com<\/a><\/p>\n<\/div>\n<\/div>\n\n\n\n<div class=\"wp-block-buttons is-layout-flex wp-block-buttons-is-layout-flex\">\n<div class=\"wp-block-button is-style-fill\"><a class=\"wp-block-button__link has-background-color has-primary-background-color has-text-color has-background wp-element-button\" href=\"https:\/\/ec-construccion.com\/?page_id=52\" style=\"border-radius:5px;padding-top:var(--wp--preset--spacing--30);padding-right:var(--wp--preset--spacing--50);padding-bottom:var(--wp--preset--spacing--30);padding-left:var(--wp--preset--spacing--50)\">Contacto<\/a><\/div>\n<\/div>\n<\/div>\n<\/div>\n<\/div>\n\n\n\n<div class=\"wp-block-column is-vertically-aligned-bottom is-layout-flow wp-block-column-is-layout-flow\" style=\"flex-basis:45%\">\n<div class=\"wp-block-group wrap is-layout-constrained wp-block-group-is-layout-constrained\">\n<figure class=\"wp-block-image size-full\"><img decoding=\"async\" src=\"https:\/\/demo.sparkletheme.com\/hello-fse\/renovation\/wp-content\/uploads\/sites\/5\/2023\/03\/team_01.png\" alt=\"\" class=\"wp-image-81\"\/><\/figure>\n<\/div>\n<\/div>\n<\/div>\n<\/div>\n<\/div><\/div>\n<\/div>\n\n\n\n<hr class=\"wp-block-separator has-alpha-channel-opacity\"\/>\n\n\n\n<div class=\"wp-block-columns is-layout-flex wp-container-core-columns-is-layout-28f84493 wp-block-columns-is-layout-flex\">\n<div class=\"wp-block-column is-layout-flow wp-block-column-is-layout-flow\">\n<figure class=\"wp-block-image size-full\"><img loading=\"lazy\" decoding=\"async\" width=\"300\" height=\"63\" src=\"https:\/\/ec-construccion.com\/wp-content\/uploads\/2023\/09\/imagen_pie_1.jpg\" alt=\"\" class=\"wp-image-1940\"\/><\/figure>\n<\/div>\n\n\n\n<div class=\"wp-block-column is-layout-flow wp-block-column-is-layout-flow\">\n<figure class=\"wp-block-image size-full\"><img loading=\"lazy\" decoding=\"async\" width=\"300\" height=\"70\" src=\"https:\/\/ec-construccion.com\/wp-content\/uploads\/2023\/09\/imagen_pie_2.jpg\" alt=\"\" class=\"wp-image-1941\"\/><\/figure>\n<\/div>\n\n\n\n<div class=\"wp-block-column is-layout-flow wp-block-column-is-layout-flow\">\n<p>Proyecto Web Financiado por la Uni\u00f3n Europea \u2013 NextGenerationEU<\/p>\n<\/div>\n<\/div>\n","protected":false},"excerpt":{"rendered":"<p>Proyecto Web Financiado por la Uni\u00f3n Europea \u2013 NextGenerationEU<\/p>\n","protected":false},"author":1,"featured_media":0,"parent":0,"menu_order":0,"comment_status":"closed","ping_status":"closed","template":"template-pagebuilder.php","meta":{"footnotes":""},"class_list":["post-32","page","type-page","status-publish","hentry"],"yoast_head":"<!-- This site is optimized with the Yoast SEO plugin v21.2 - https:\/\/yoast.com\/wordpress\/plugins\/seo\/ -->\n<title>Nosotros - Construcciones y Reformas - CONSTRUBELL CAMIR SL<\/title>\n<meta name=\"robots\" content=\"index, follow, max-snippet:-1, max-image-preview:large, max-video-preview:-1\" \/>\n<link rel=\"canonical\" href=\"https:\/\/ec-construccion.com\/?page_id=32\" \/>\n<meta property=\"og:locale\" content=\"es_ES\" \/>\n<meta property=\"og:type\" content=\"article\" \/>\n<meta property=\"og:title\" content=\"Nosotros - Construcciones y Reformas - CONSTRUBELL CAMIR SL\" \/>\n<meta property=\"og:description\" content=\"Proyecto Web Financiado por la Uni\u00f3n Europea \u2013 NextGenerationEU\" \/>\n<meta property=\"og:url\" content=\"https:\/\/ec-construccion.com\/?page_id=32\" \/>\n<meta property=\"og:site_name\" content=\"Construcciones y Reformas - CONSTRUBELL CAMIR SL\" \/>\n<meta property=\"article:modified_time\" content=\"2023-09-28T10:41:41+00:00\" \/>\n<meta property=\"og:image\" content=\"https:\/\/ec-construccion.com\/wp-content\/uploads\/2023\/03\/breadcrumb-1.jpeg\" \/>\n<meta name=\"twitter:card\" content=\"summary_large_image\" \/>\n<meta name=\"twitter:label1\" content=\"Tiempo de lectura\" \/>\n\t<meta name=\"twitter:data1\" content=\"2 minutos\" \/>\n<script type=\"application\/ld+json\" class=\"yoast-schema-graph\">{\"@context\":\"https:\/\/schema.org\",\"@graph\":[{\"@type\":\"WebPage\",\"@id\":\"https:\/\/ec-construccion.com\/?page_id=32\",\"url\":\"https:\/\/ec-construccion.com\/?page_id=32\",\"name\":\"Nosotros - Construcciones y Reformas - CONSTRUBELL CAMIR SL\",\"isPartOf\":{\"@id\":\"https:\/\/ec-construccion.com\/#website\"},\"datePublished\":\"2023-03-24T06:09:41+00:00\",\"dateModified\":\"2023-09-28T10:41:41+00:00\",\"breadcrumb\":{\"@id\":\"https:\/\/ec-construccion.com\/?page_id=32#breadcrumb\"},\"inLanguage\":\"es\",\"potentialAction\":[{\"@type\":\"ReadAction\",\"target\":[\"https:\/\/ec-construccion.com\/?page_id=32\"]}]},{\"@type\":\"BreadcrumbList\",\"@id\":\"https:\/\/ec-construccion.com\/?page_id=32#breadcrumb\",\"itemListElement\":[{\"@type\":\"ListItem\",\"position\":1,\"name\":\"Portada\",\"item\":\"https:\/\/ec-construccion.com\/\"},{\"@type\":\"ListItem\",\"position\":2,\"name\":\"Nosotros\"}]},{\"@type\":\"WebSite\",\"@id\":\"https:\/\/ec-construccion.com\/#website\",\"url\":\"https:\/\/ec-construccion.com\/\",\"name\":\"Construcciones y Reformas - CONSTRUBELL CAMIR SL\",\"description\":\"\",\"publisher\":{\"@id\":\"https:\/\/ec-construccion.com\/#organization\"},\"potentialAction\":[{\"@type\":\"SearchAction\",\"target\":{\"@type\":\"EntryPoint\",\"urlTemplate\":\"https:\/\/ec-construccion.com\/?s={search_term_string}\"},\"query-input\":\"required name=search_term_string\"}],\"inLanguage\":\"es\"},{\"@type\":\"Organization\",\"@id\":\"https:\/\/ec-construccion.com\/#organization\",\"name\":\"Construcciones y Reformas - CONSTRUBELL CAMIR SL\",\"url\":\"https:\/\/ec-construccion.com\/\",\"logo\":{\"@type\":\"ImageObject\",\"inLanguage\":\"es\",\"@id\":\"https:\/\/ec-construccion.com\/#\/schema\/logo\/image\/\",\"url\":\"https:\/\/ec-construccion.com\/wp-content\/uploads\/2023\/09\/cropped-montaje_logo_slogan.png\",\"contentUrl\":\"https:\/\/ec-construccion.com\/wp-content\/uploads\/2023\/09\/cropped-montaje_logo_slogan.png\",\"width\":861,\"height\":305,\"caption\":\"Construcciones y Reformas - CONSTRUBELL CAMIR SL\"},\"image\":{\"@id\":\"https:\/\/ec-construccion.com\/#\/schema\/logo\/image\/\"}}]}<\/script>\n<!-- \/ Yoast SEO plugin. -->","yoast_head_json":{"title":"Nosotros - Construcciones y Reformas - CONSTRUBELL CAMIR SL","robots":{"index":"index","follow":"follow","max-snippet":"max-snippet:-1","max-image-preview":"max-image-preview:large","max-video-preview":"max-video-preview:-1"},"canonical":"https:\/\/ec-construccion.com\/?page_id=32","og_locale":"es_ES","og_type":"article","og_title":"Nosotros - Construcciones y Reformas - CONSTRUBELL CAMIR SL","og_description":"Proyecto Web Financiado por la Uni\u00f3n Europea \u2013 NextGenerationEU","og_url":"https:\/\/ec-construccion.com\/?page_id=32","og_site_name":"Construcciones y Reformas - CONSTRUBELL CAMIR SL","article_modified_time":"2023-09-28T10:41:41+00:00","og_image":[{"url":"https:\/\/ec-construccion.com\/wp-content\/uploads\/2023\/03\/breadcrumb-1.jpeg"}],"twitter_card":"summary_large_image","twitter_misc":{"Tiempo de lectura":"2 minutos"},"schema":{"@context":"https:\/\/schema.org","@graph":[{"@type":"WebPage","@id":"https:\/\/ec-construccion.com\/?page_id=32","url":"https:\/\/ec-construccion.com\/?page_id=32","name":"Nosotros - Construcciones y Reformas - CONSTRUBELL CAMIR SL","isPartOf":{"@id":"https:\/\/ec-construccion.com\/#website"},"datePublished":"2023-03-24T06:09:41+00:00","dateModified":"2023-09-28T10:41:41+00:00","breadcrumb":{"@id":"https:\/\/ec-construccion.com\/?page_id=32#breadcrumb"},"inLanguage":"es","potentialAction":[{"@type":"ReadAction","target":["https:\/\/ec-construccion.com\/?page_id=32"]}]},{"@type":"BreadcrumbList","@id":"https:\/\/ec-construccion.com\/?page_id=32#breadcrumb","itemListElement":[{"@type":"ListItem","position":1,"name":"Portada","item":"https:\/\/ec-construccion.com\/"},{"@type":"ListItem","position":2,"name":"Nosotros"}]},{"@type":"WebSite","@id":"https:\/\/ec-construccion.com\/#website","url":"https:\/\/ec-construccion.com\/","name":"Construcciones y Reformas - CONSTRUBELL CAMIR SL","description":"","publisher":{"@id":"https:\/\/ec-construccion.com\/#organization"},"potentialAction":[{"@type":"SearchAction","target":{"@type":"EntryPoint","urlTemplate":"https:\/\/ec-construccion.com\/?s={search_term_string}"},"query-input":"required name=search_term_string"}],"inLanguage":"es"},{"@type":"Organization","@id":"https:\/\/ec-construccion.com\/#organization","name":"Construcciones y Reformas - CONSTRUBELL CAMIR SL","url":"https:\/\/ec-construccion.com\/","logo":{"@type":"ImageObject","inLanguage":"es","@id":"https:\/\/ec-construccion.com\/#\/schema\/logo\/image\/","url":"https:\/\/ec-construccion.com\/wp-content\/uploads\/2023\/09\/cropped-montaje_logo_slogan.png","contentUrl":"https:\/\/ec-construccion.com\/wp-content\/uploads\/2023\/09\/cropped-montaje_logo_slogan.png","width":861,"height":305,"caption":"Construcciones y Reformas - CONSTRUBELL CAMIR SL"},"image":{"@id":"https:\/\/ec-construccion.com\/#\/schema\/logo\/image\/"}}]}},"_links":{"self":[{"href":"https:\/\/ec-construccion.com\/index.php?rest_route=\/wp\/v2\/pages\/32","targetHints":{"allow":["GET"]}}],"collection":[{"href":"https:\/\/ec-construccion.com\/index.php?rest_route=\/wp\/v2\/pages"}],"about":[{"href":"https:\/\/ec-construccion.com\/index.php?rest_route=\/wp\/v2\/types\/page"}],"author":[{"embeddable":true,"href":"https:\/\/ec-construccion.com\/index.php?rest_route=\/wp\/v2\/users\/1"}],"replies":[{"embeddable":true,"href":"https:\/\/ec-construccion.com\/index.php?rest_route=%2Fwp%2Fv2%2Fcomments&post=32"}],"version-history":[{"count":4,"href":"https:\/\/ec-construccion.com\/index.php?rest_route=\/wp\/v2\/pages\/32\/revisions"}],"predecessor-version":[{"id":1949,"href":"https:\/\/ec-construccion.com\/index.php?rest_route=\/wp\/v2\/pages\/32\/revisions\/1949"}],"wp:attachment":[{"href":"https:\/\/ec-construccion.com\/index.php?rest_route=%2Fwp%2Fv2%2Fmedia&parent=32"}],"curies":[{"name":"wp","href":"https:\/\/api.w.org\/{rel}","templated":true}]}}