{"id":37,"date":"2023-03-24T06:20:00","date_gmt":"2023-03-24T06:20:00","guid":{"rendered":"https:\/\/demo.sparklewpthemes.com\/constructionlight\/renonvation\/?page_id=37"},"modified":"2023-11-23T16:26:55","modified_gmt":"2023-11-23T16:26:55","slug":"service","status":"publish","type":"page","link":"https:\/\/ec-construccion.com\/?page_id=37","title":{"rendered":"Servicios"},"content":{"rendered":"\n<div class=\"wp-block-group alignfull is-layout-constrained wp-block-group-is-layout-constrained\">\n<div class=\"wp-block-cover alignfull is-light breadcrumb\" style=\"padding-top:4rem;min-height:20vh;aspect-ratio:unset;\"><span aria-hidden=\"true\" class=\"wp-block-cover__background has-background-dim-20 has-background-dim\"><\/span><img decoding=\"async\" class=\"wp-block-cover__image-background wp-image-490\" alt=\"\" src=\"https:\/\/demo.sparkletheme.com\/sparkle-fse\/roofing\/wp-content\/uploads\/sites\/29\/2023\/03\/breadcrumb-1.jpg\" data-object-fit=\"cover\"\/><div class=\"wp-block-cover__inner-container is-layout-flow wp-block-cover-is-layout-flow\">\n<div class=\"wp-block-group is-layout-constrained wp-container-core-group-is-layout-19e250f3 wp-block-group-is-layout-constrained\">\n<div class=\"wp-block-group alignwide is-layout-constrained wp-container-core-group-is-layout-92b9201d wp-block-group-is-layout-constrained\">\n<h2 class=\"wp-block-heading alignwide has-background-color has-text-color has-extra-huge-font-size\">Servicios<\/h2>\n\n\n\n<div class=\"wp-block-group alignwide is-nowrap is-layout-flex wp-container-core-group-is-layout-4b0a85f0 wp-block-group-is-layout-flex\">\n<p class=\"has-background-color has-text-color has-medium-font-size\" style=\"font-style:normal;font-weight:600\">Inicio<\/p>\n\n\n\n<p class=\"has-background-color has-text-color has-medium-font-size\">\/<\/p>\n\n\n\n<p class=\"has-text-color has-medium-font-size\" style=\"color:#d1d1d1\">Servicios<\/p>\n<\/div>\n<\/div>\n<\/div>\n<\/div><\/div>\n<\/div>\n\n\n\n<div class=\"wp-block-group alignfull is-layout-constrained wp-block-group-is-layout-constrained\" style=\"padding-top:6rem;padding-bottom:6rem\">\n<div class=\"wp-block-columns alignwide cons_light_feature is-layout-flex wp-container-core-columns-is-layout-28f84493 wp-block-columns-is-layout-flex\">\n<div class=\"wp-block-column has-shadow-dark feature-list is-layout-flow wp-block-column-is-layout-flow\" style=\"padding-top:0;padding-right:0;padding-bottom:0;padding-left:0\">\n<div class=\"wp-block-group box is-layout-constrained wp-block-group-is-layout-constrained\">\n<figure class=\"wp-block-image aligncenter size-full is-resized\"><img loading=\"lazy\" decoding=\"async\" width=\"1024\" height=\"646\" src=\"https:\/\/ec-construccion.com\/wp-content\/uploads\/2023\/09\/cocinas.jpg\" alt=\"\" class=\"wp-image-1731\" style=\"width:619px;height:auto\" srcset=\"https:\/\/ec-construccion.com\/wp-content\/uploads\/2023\/09\/cocinas.jpg 1024w, https:\/\/ec-construccion.com\/wp-content\/uploads\/2023\/09\/cocinas-300x189.jpg 300w, https:\/\/ec-construccion.com\/wp-content\/uploads\/2023\/09\/cocinas-768x485.jpg 768w\" sizes=\"auto, (max-width: 1024px) 100vw, 1024px\" \/><\/figure>\n\n\n\n<div class=\"wp-block-group bottom-content is-layout-constrained wp-container-core-group-is-layout-76ec704c wp-block-group-is-layout-constrained\" style=\"padding-right:2rem;padding-bottom:2rem;padding-left:2rem\">\n<h3 class=\"wp-block-heading has-text-align-center has-large-font-size\" style=\"margin-top:0;margin-right:0;margin-bottom:0;margin-left:0;padding-bottom:1.5rem\">Cocinas<\/h3>\n\n\n\n<p class=\"has-text-align-center\" style=\"margin-top:0;margin-right:0;margin-bottom:0;margin-left:0\">Transforma tu cocina con estilo y funcionalidad gracias a las expertas reformas de Cocinas de Construbell. Desde renovaciones modernas hasta cl\u00e1sicas, nuestro equipo de profesionales se dedica a crear espacios culinarios que combinan elegancia y practicidad.<\/p>\n<\/div>\n<\/div>\n<\/div>\n\n\n\n<div class=\"wp-block-column has-shadow-dark feature-list is-layout-flow wp-block-column-is-layout-flow\">\n<div class=\"wp-block-group box is-layout-constrained wp-block-group-is-layout-constrained\">\n<figure class=\"wp-block-image aligncenter size-large\"><img loading=\"lazy\" decoding=\"async\" width=\"1024\" height=\"680\" src=\"https:\/\/ec-construccion.com\/wp-content\/uploads\/2023\/09\/banos-1024x680.jpg\" alt=\"\" class=\"wp-image-1732\" srcset=\"https:\/\/ec-construccion.com\/wp-content\/uploads\/2023\/09\/banos-1024x680.jpg 1024w, https:\/\/ec-construccion.com\/wp-content\/uploads\/2023\/09\/banos-300x199.jpg 300w, https:\/\/ec-construccion.com\/wp-content\/uploads\/2023\/09\/banos-768x510.jpg 768w, https:\/\/ec-construccion.com\/wp-content\/uploads\/2023\/09\/banos-1600x1062.jpg 1600w, https:\/\/ec-construccion.com\/wp-content\/uploads\/2023\/09\/banos-1536x1020.jpg 1536w, https:\/\/ec-construccion.com\/wp-content\/uploads\/2023\/09\/banos-2048x1360.jpg 2048w\" sizes=\"auto, (max-width: 1024px) 100vw, 1024px\" \/><\/figure>\n\n\n\n<div class=\"wp-block-group bottom-content is-layout-constrained wp-container-core-group-is-layout-038f87a8 wp-block-group-is-layout-constrained\" style=\"padding-right:2rem;padding-bottom:2rem;padding-left:2rem\">\n<h3 class=\"wp-block-heading has-text-align-center has-large-font-size\" style=\"padding-bottom:1.5rem\">Cuartos de Ba\u00f1o<\/h3>\n\n\n\n<p class=\"has-text-align-center\" style=\"margin-top:0;margin-right:0;margin-bottom:0;margin-left:0\">Embellece tu rutina diaria con las reformas de ba\u00f1o de Construbell. Desde modernizar accesorios hasta crear espacios spa personalizados, nuestras transformaciones de ba\u00f1o combinan estilo y funcionalidad.<\/p>\n<\/div>\n<\/div>\n<\/div>\n<\/div>\n<\/div>\n\n\n\n<div class=\"wp-block-group alignfull is-layout-constrained wp-block-group-is-layout-constrained\" style=\"padding-top:2rem;padding-bottom:2rem\">\n<div class=\"wp-block-columns alignwide cons_light_feature is-layout-flex wp-container-core-columns-is-layout-28f84493 wp-block-columns-is-layout-flex\">\n<div class=\"wp-block-column has-shadow-dark feature-list is-layout-flow wp-block-column-is-layout-flow\" style=\"padding-top:0;padding-right:0;padding-bottom:0;padding-left:0\">\n<div class=\"wp-block-group box is-layout-constrained wp-block-group-is-layout-constrained\">\n<figure class=\"wp-block-image aligncenter size-medium\"><img loading=\"lazy\" decoding=\"async\" width=\"300\" height=\"200\" src=\"https:\/\/ec-construccion.com\/wp-content\/uploads\/2023\/11\/ventana-aluminio-o-pvc.jpg-300x200.webp\" alt=\"\" class=\"wp-image-2016\" srcset=\"https:\/\/ec-construccion.com\/wp-content\/uploads\/2023\/11\/ventana-aluminio-o-pvc.jpg-300x200.webp 300w, https:\/\/ec-construccion.com\/wp-content\/uploads\/2023\/11\/ventana-aluminio-o-pvc.jpg.webp 600w\" sizes=\"auto, (max-width: 300px) 100vw, 300px\" \/><\/figure>\n\n\n\n<div class=\"wp-block-group bottom-content is-layout-constrained wp-container-core-group-is-layout-76ec704c wp-block-group-is-layout-constrained\" style=\"padding-right:2rem;padding-bottom:2rem;padding-left:2rem\">\n<h3 class=\"wp-block-heading has-text-align-center has-large-font-size\" style=\"margin-top:0;margin-right:0;margin-bottom:0;margin-left:0;padding-bottom:1.5rem\">Carpinter\u00eda Met\u00e1lica <\/h3>\n\n\n\n<p class=\"has-text-align-center\" style=\"margin-top:0;margin-right:0;margin-bottom:0;margin-left:0\">Nuestros servicios incluyen la instalaci\u00f3n de ventanas de aluminio que mejoran la eficiencia energ\u00e9tica y la est\u00e9tica, junto con la transformaci\u00f3n de puertas de garaje que aportan seguridad y estilo. Conf\u00eda en nosotros para elevar el confort y la apariencia de tu hogar con cambios que marcan la diferencia<\/p>\n<\/div>\n<\/div>\n<\/div>\n\n\n\n<div class=\"wp-block-column has-shadow-dark feature-list is-layout-flow wp-block-column-is-layout-flow\">\n<div class=\"wp-block-group box is-layout-constrained wp-block-group-is-layout-constrained\">\n<figure class=\"wp-block-image aligncenter size-large\"><img loading=\"lazy\" decoding=\"async\" width=\"768\" height=\"1024\" src=\"https:\/\/ec-construccion.com\/wp-content\/uploads\/2023\/11\/IMG_6152photo-768x1024.jpg\" alt=\"\" class=\"wp-image-1993\" srcset=\"https:\/\/ec-construccion.com\/wp-content\/uploads\/2023\/11\/IMG_6152photo-768x1024.jpg 768w, https:\/\/ec-construccion.com\/wp-content\/uploads\/2023\/11\/IMG_6152photo-225x300.jpg 225w, https:\/\/ec-construccion.com\/wp-content\/uploads\/2023\/11\/IMG_6152photo-1600x2133.jpg 1600w, https:\/\/ec-construccion.com\/wp-content\/uploads\/2023\/11\/IMG_6152photo-1152x1536.jpg 1152w, https:\/\/ec-construccion.com\/wp-content\/uploads\/2023\/11\/IMG_6152photo-1536x2048.jpg 1536w, https:\/\/ec-construccion.com\/wp-content\/uploads\/2023\/11\/IMG_6152photo-scaled.jpg 1920w\" sizes=\"auto, (max-width: 768px) 100vw, 768px\" \/><\/figure>\n\n\n\n<div class=\"wp-block-group bottom-content is-layout-constrained wp-container-core-group-is-layout-038f87a8 wp-block-group-is-layout-constrained\" style=\"padding-right:2rem;padding-bottom:2rem;padding-left:2rem\">\n<h3 class=\"wp-block-heading has-text-align-center has-large-font-size\" style=\"padding-bottom:1.5rem\">Piscinas <\/h3>\n\n\n\n<p class=\"has-text-align-center\" style=\"margin-top:0;margin-right:0;margin-bottom:0;margin-left:0\">Piscina nueva, dise\u00f1o, reparaci\u00f3n, fugas, alicatado, gresite, &#8230;<\/p>\n<\/div>\n<\/div>\n<\/div>\n\n\n\n<div class=\"wp-block-column has-shadow-dark feature-list is-layout-flow wp-block-column-is-layout-flow\">\n<div class=\"wp-block-group box is-layout-constrained wp-block-group-is-layout-constrained\">\n<figure class=\"wp-block-image aligncenter size-medium\"><img decoding=\"async\" src=\"https:\/\/demo.sparklewpthemes.com\/constructionlight\/renonvation\/wp-content\/themes\/construction-light\/assets\/default\/slider2.jpg\" alt=\"\" class=\"wp-image-845\"\/><\/figure>\n\n\n\n<div class=\"wp-block-group bottom-content is-layout-constrained wp-container-core-group-is-layout-76ec704c wp-block-group-is-layout-constrained\" style=\"padding-right:2rem;padding-bottom:2rem;padding-left:2rem\">\n<h3 class=\"wp-block-heading has-text-align-center has-large-font-size\" style=\"margin-top:0;margin-right:0;margin-bottom:0;margin-left:0;padding-bottom:1.5rem\">Obra Nueva <\/h3>\n\n\n\n<p>Construbell, l\u00edder en el sector de construcci\u00f3n, da vida a tus sue\u00f1os con viviendas nuevas que reflejan calidad, innovaci\u00f3n y dise\u00f1o excepcional. Desde remodelaciones hasta construcciones completas, nuestro compromiso es crear hogares que superen expectativas y perduren en el tiempo.<\/p>\n<\/div>\n<\/div>\n<\/div>\n<\/div>\n<\/div>\n\n\n\n<div class=\"wp-block-columns is-layout-flex wp-container-core-columns-is-layout-28f84493 wp-block-columns-is-layout-flex\">\n<div class=\"wp-block-column is-layout-flow wp-block-column-is-layout-flow\">\n<figure class=\"wp-block-image size-full\"><img loading=\"lazy\" decoding=\"async\" width=\"300\" height=\"63\" src=\"https:\/\/ec-construccion.com\/wp-content\/uploads\/2023\/09\/imagen_pie_1.jpg\" alt=\"\" class=\"wp-image-1940\"\/><\/figure>\n<\/div>\n\n\n\n<div class=\"wp-block-column is-layout-flow wp-block-column-is-layout-flow\">\n<figure class=\"wp-block-image size-full\"><img loading=\"lazy\" decoding=\"async\" width=\"300\" height=\"70\" src=\"https:\/\/ec-construccion.com\/wp-content\/uploads\/2023\/09\/imagen_pie_2.jpg\" alt=\"\" class=\"wp-image-1941\"\/><\/figure>\n<\/div>\n\n\n\n<div class=\"wp-block-column is-layout-flow wp-block-column-is-layout-flow\">\n<p>Proyecto Web Financiado por la Uni\u00f3n Europea \u2013 NextGenerationEU<\/p>\n<\/div>\n<\/div>\n","protected":false},"excerpt":{"rendered":"<p>Cocinas Transforma tu cocina con estilo y funcionalidad gracias a las expertas reformas de Cocinas de Construbell. Desde renovaciones modernas hasta cl\u00e1sicas, nuestro equipo de profesionales se dedica a crear espacios culinarios que combinan elegancia y practicidad. Cuartos de Ba\u00f1o Embellece tu rutina diaria con las reformas de ba\u00f1o de&hellip;<\/p>\n","protected":false},"author":1,"featured_media":0,"parent":0,"menu_order":0,"comment_status":"closed","ping_status":"closed","template":"template-pagebuilder.php","meta":{"footnotes":""},"class_list":["post-37","page","type-page","status-publish","hentry"],"yoast_head":"<!-- This site is optimized with the Yoast SEO plugin v21.2 - https:\/\/yoast.com\/wordpress\/plugins\/seo\/ -->\n<title>Servicios - Construcciones y Reformas - CONSTRUBELL CAMIR SL<\/title>\n<meta name=\"robots\" content=\"index, follow, max-snippet:-1, max-image-preview:large, max-video-preview:-1\" \/>\n<link rel=\"canonical\" href=\"https:\/\/ec-construccion.com\/?page_id=37\" \/>\n<meta property=\"og:locale\" content=\"es_ES\" \/>\n<meta property=\"og:type\" content=\"article\" \/>\n<meta property=\"og:title\" content=\"Servicios - Construcciones y Reformas - CONSTRUBELL CAMIR SL\" \/>\n<meta property=\"og:description\" content=\"Cocinas Transforma tu cocina con estilo y funcionalidad gracias a las expertas reformas de Cocinas de Construbell. Desde renovaciones modernas hasta cl\u00e1sicas, nuestro equipo de profesionales se dedica a crear espacios culinarios que combinan elegancia y practicidad. Cuartos de Ba\u00f1o Embellece tu rutina diaria con las reformas de ba\u00f1o de&hellip;\" \/>\n<meta property=\"og:url\" content=\"https:\/\/ec-construccion.com\/?page_id=37\" \/>\n<meta property=\"og:site_name\" content=\"Construcciones y Reformas - CONSTRUBELL CAMIR SL\" \/>\n<meta property=\"article:modified_time\" content=\"2023-11-23T16:26:55+00:00\" \/>\n<meta property=\"og:image\" content=\"https:\/\/demo.sparkletheme.com\/sparkle-fse\/roofing\/wp-content\/uploads\/sites\/29\/2023\/03\/breadcrumb-1.jpg\" \/>\n<meta name=\"twitter:card\" content=\"summary_large_image\" \/>\n<meta name=\"twitter:label1\" content=\"Tiempo de lectura\" \/>\n\t<meta name=\"twitter:data1\" content=\"3 minutos\" \/>\n<script type=\"application\/ld+json\" class=\"yoast-schema-graph\">{\"@context\":\"https:\/\/schema.org\",\"@graph\":[{\"@type\":\"WebPage\",\"@id\":\"https:\/\/ec-construccion.com\/?page_id=37\",\"url\":\"https:\/\/ec-construccion.com\/?page_id=37\",\"name\":\"Servicios - Construcciones y Reformas - CONSTRUBELL CAMIR SL\",\"isPartOf\":{\"@id\":\"https:\/\/ec-construccion.com\/#website\"},\"datePublished\":\"2023-03-24T06:20:00+00:00\",\"dateModified\":\"2023-11-23T16:26:55+00:00\",\"breadcrumb\":{\"@id\":\"https:\/\/ec-construccion.com\/?page_id=37#breadcrumb\"},\"inLanguage\":\"es\",\"potentialAction\":[{\"@type\":\"ReadAction\",\"target\":[\"https:\/\/ec-construccion.com\/?page_id=37\"]}]},{\"@type\":\"BreadcrumbList\",\"@id\":\"https:\/\/ec-construccion.com\/?page_id=37#breadcrumb\",\"itemListElement\":[{\"@type\":\"ListItem\",\"position\":1,\"name\":\"Portada\",\"item\":\"https:\/\/ec-construccion.com\/\"},{\"@type\":\"ListItem\",\"position\":2,\"name\":\"Servicios\"}]},{\"@type\":\"WebSite\",\"@id\":\"https:\/\/ec-construccion.com\/#website\",\"url\":\"https:\/\/ec-construccion.com\/\",\"name\":\"Construcciones y Reformas - CONSTRUBELL CAMIR SL\",\"description\":\"\",\"publisher\":{\"@id\":\"https:\/\/ec-construccion.com\/#organization\"},\"potentialAction\":[{\"@type\":\"SearchAction\",\"target\":{\"@type\":\"EntryPoint\",\"urlTemplate\":\"https:\/\/ec-construccion.com\/?s={search_term_string}\"},\"query-input\":\"required name=search_term_string\"}],\"inLanguage\":\"es\"},{\"@type\":\"Organization\",\"@id\":\"https:\/\/ec-construccion.com\/#organization\",\"name\":\"Construcciones y Reformas - CONSTRUBELL CAMIR SL\",\"url\":\"https:\/\/ec-construccion.com\/\",\"logo\":{\"@type\":\"ImageObject\",\"inLanguage\":\"es\",\"@id\":\"https:\/\/ec-construccion.com\/#\/schema\/logo\/image\/\",\"url\":\"https:\/\/ec-construccion.com\/wp-content\/uploads\/2023\/09\/cropped-montaje_logo_slogan.png\",\"contentUrl\":\"https:\/\/ec-construccion.com\/wp-content\/uploads\/2023\/09\/cropped-montaje_logo_slogan.png\",\"width\":861,\"height\":305,\"caption\":\"Construcciones y Reformas - CONSTRUBELL CAMIR SL\"},\"image\":{\"@id\":\"https:\/\/ec-construccion.com\/#\/schema\/logo\/image\/\"}}]}<\/script>\n<!-- \/ Yoast SEO plugin. -->","yoast_head_json":{"title":"Servicios - Construcciones y Reformas - CONSTRUBELL CAMIR SL","robots":{"index":"index","follow":"follow","max-snippet":"max-snippet:-1","max-image-preview":"max-image-preview:large","max-video-preview":"max-video-preview:-1"},"canonical":"https:\/\/ec-construccion.com\/?page_id=37","og_locale":"es_ES","og_type":"article","og_title":"Servicios - Construcciones y Reformas - CONSTRUBELL CAMIR SL","og_description":"Cocinas Transforma tu cocina con estilo y funcionalidad gracias a las expertas reformas de Cocinas de Construbell. Desde renovaciones modernas hasta cl\u00e1sicas, nuestro equipo de profesionales se dedica a crear espacios culinarios que combinan elegancia y practicidad. Cuartos de Ba\u00f1o Embellece tu rutina diaria con las reformas de ba\u00f1o de&hellip;","og_url":"https:\/\/ec-construccion.com\/?page_id=37","og_site_name":"Construcciones y Reformas - CONSTRUBELL CAMIR SL","article_modified_time":"2023-11-23T16:26:55+00:00","og_image":[{"url":"https:\/\/demo.sparkletheme.com\/sparkle-fse\/roofing\/wp-content\/uploads\/sites\/29\/2023\/03\/breadcrumb-1.jpg"}],"twitter_card":"summary_large_image","twitter_misc":{"Tiempo de lectura":"3 minutos"},"schema":{"@context":"https:\/\/schema.org","@graph":[{"@type":"WebPage","@id":"https:\/\/ec-construccion.com\/?page_id=37","url":"https:\/\/ec-construccion.com\/?page_id=37","name":"Servicios - Construcciones y Reformas - CONSTRUBELL CAMIR SL","isPartOf":{"@id":"https:\/\/ec-construccion.com\/#website"},"datePublished":"2023-03-24T06:20:00+00:00","dateModified":"2023-11-23T16:26:55+00:00","breadcrumb":{"@id":"https:\/\/ec-construccion.com\/?page_id=37#breadcrumb"},"inLanguage":"es","potentialAction":[{"@type":"ReadAction","target":["https:\/\/ec-construccion.com\/?page_id=37"]}]},{"@type":"BreadcrumbList","@id":"https:\/\/ec-construccion.com\/?page_id=37#breadcrumb","itemListElement":[{"@type":"ListItem","position":1,"name":"Portada","item":"https:\/\/ec-construccion.com\/"},{"@type":"ListItem","position":2,"name":"Servicios"}]},{"@type":"WebSite","@id":"https:\/\/ec-construccion.com\/#website","url":"https:\/\/ec-construccion.com\/","name":"Construcciones y Reformas - CONSTRUBELL CAMIR SL","description":"","publisher":{"@id":"https:\/\/ec-construccion.com\/#organization"},"potentialAction":[{"@type":"SearchAction","target":{"@type":"EntryPoint","urlTemplate":"https:\/\/ec-construccion.com\/?s={search_term_string}"},"query-input":"required name=search_term_string"}],"inLanguage":"es"},{"@type":"Organization","@id":"https:\/\/ec-construccion.com\/#organization","name":"Construcciones y Reformas - CONSTRUBELL CAMIR SL","url":"https:\/\/ec-construccion.com\/","logo":{"@type":"ImageObject","inLanguage":"es","@id":"https:\/\/ec-construccion.com\/#\/schema\/logo\/image\/","url":"https:\/\/ec-construccion.com\/wp-content\/uploads\/2023\/09\/cropped-montaje_logo_slogan.png","contentUrl":"https:\/\/ec-construccion.com\/wp-content\/uploads\/2023\/09\/cropped-montaje_logo_slogan.png","width":861,"height":305,"caption":"Construcciones y Reformas - CONSTRUBELL CAMIR SL"},"image":{"@id":"https:\/\/ec-construccion.com\/#\/schema\/logo\/image\/"}}]}},"_links":{"self":[{"href":"https:\/\/ec-construccion.com\/index.php?rest_route=\/wp\/v2\/pages\/37","targetHints":{"allow":["GET"]}}],"collection":[{"href":"https:\/\/ec-construccion.com\/index.php?rest_route=\/wp\/v2\/pages"}],"about":[{"href":"https:\/\/ec-construccion.com\/index.php?rest_route=\/wp\/v2\/types\/page"}],"author":[{"embeddable":true,"href":"https:\/\/ec-construccion.com\/index.php?rest_route=\/wp\/v2\/users\/1"}],"replies":[{"embeddable":true,"href":"https:\/\/ec-construccion.com\/index.php?rest_route=%2Fwp%2Fv2%2Fcomments&post=37"}],"version-history":[{"count":11,"href":"https:\/\/ec-construccion.com\/index.php?rest_route=\/wp\/v2\/pages\/37\/revisions"}],"predecessor-version":[{"id":2028,"href":"https:\/\/ec-construccion.com\/index.php?rest_route=\/wp\/v2\/pages\/37\/revisions\/2028"}],"wp:attachment":[{"href":"https:\/\/ec-construccion.com\/index.php?rest_route=%2Fwp%2Fv2%2Fmedia&parent=37"}],"curies":[{"name":"wp","href":"https:\/\/api.w.org\/{rel}","templated":true}]}}