{"id":52,"date":"2023-03-24T06:32:19","date_gmt":"2023-03-24T06:32:19","guid":{"rendered":"https:\/\/demo.sparklewpthemes.com\/constructionlight\/renonvation\/?page_id=52"},"modified":"2023-09-28T14:08:15","modified_gmt":"2023-09-28T14:08:15","slug":"contact-us","status":"publish","type":"page","link":"https:\/\/ec-construccion.com\/?page_id=52","title":{"rendered":"Contacto"},"content":{"rendered":"\n<div class=\"wp-block-group alignfull is-layout-constrained wp-block-group-is-layout-constrained\">\n<div class=\"wp-block-cover alignfull is-light breadcrumb\" style=\"padding-top:4rem;min-height:20vh;aspect-ratio:unset;\"><span aria-hidden=\"true\" class=\"wp-block-cover__background has-background-dim-20 has-background-dim\"><\/span><img loading=\"lazy\" decoding=\"async\" width=\"1920\" height=\"365\" class=\"wp-block-cover__image-background wp-image-74\" alt=\"\" src=\"https:\/\/ec-construccion.com\/wp-content\/uploads\/2023\/03\/breadcrumb-1.jpeg\" data-object-fit=\"cover\" srcset=\"https:\/\/ec-construccion.com\/wp-content\/uploads\/2023\/03\/breadcrumb-1.jpeg 1920w, https:\/\/ec-construccion.com\/wp-content\/uploads\/2023\/03\/breadcrumb-1-300x57.jpeg 300w, https:\/\/ec-construccion.com\/wp-content\/uploads\/2023\/03\/breadcrumb-1-1024x195.jpeg 1024w, https:\/\/ec-construccion.com\/wp-content\/uploads\/2023\/03\/breadcrumb-1-768x146.jpeg 768w, https:\/\/ec-construccion.com\/wp-content\/uploads\/2023\/03\/breadcrumb-1-1600x304.jpeg 1600w, https:\/\/ec-construccion.com\/wp-content\/uploads\/2023\/03\/breadcrumb-1-1536x292.jpeg 1536w\" sizes=\"auto, (max-width: 1920px) 100vw, 1920px\" \/><div class=\"wp-block-cover__inner-container is-layout-flow wp-block-cover-is-layout-flow\">\n<div class=\"wp-block-group is-layout-constrained wp-container-core-group-is-layout-19e250f3 wp-block-group-is-layout-constrained\">\n<div class=\"wp-block-group alignwide is-layout-constrained wp-container-core-group-is-layout-92b9201d wp-block-group-is-layout-constrained\">\n<h2 class=\"wp-block-heading alignwide has-background-color has-text-color has-extra-huge-font-size\">Contacta con nosotros<\/h2>\n\n\n\n<div class=\"wp-block-group alignwide is-nowrap is-layout-flex wp-container-core-group-is-layout-4b0a85f0 wp-block-group-is-layout-flex\">\n<p class=\"has-background-color has-text-color has-medium-font-size\" style=\"font-style:normal;font-weight:600\">Inicio<\/p>\n\n\n\n<p class=\"has-background-color has-text-color has-medium-font-size\">\/<\/p>\n\n\n\n<p class=\"has-text-color has-medium-font-size\" style=\"color:#d1d1d1\">Contacto<\/p>\n<\/div>\n<\/div>\n<\/div>\n<\/div><\/div>\n<\/div>\n\n\n\n<div class=\"wp-block-columns alignwide is-layout-flex wp-container-core-columns-is-layout-1348b0dd wp-block-columns-is-layout-flex\" style=\"padding-top:var(--wp--preset--spacing--80)\">\n<div class=\"wp-block-column has-shadow-dark animated animated-fadeInUp is-layout-flow wp-block-column-is-layout-flow\" style=\"padding-top:var(--wp--preset--spacing--60);padding-right:var(--wp--preset--spacing--60);padding-bottom:var(--wp--preset--spacing--60);padding-left:var(--wp--preset--spacing--60)\">\n<h2 class=\"wp-block-heading\">Informaci\u00f3n <\/h2>\n\n\n\n<div class=\"wp-block-group is-layout-constrained wp-container-core-group-is-layout-92b9201d wp-block-group-is-layout-constrained\">\n<h5 class=\"wp-block-heading\"><strong>Tel\u00e9fono<\/strong><\/h5>\n\n\n\n<div class=\"wp-block-group is-nowrap is-layout-flex wp-container-core-group-is-layout-fc054d2d wp-block-group-is-layout-flex\">\n<div class=\"wp-block-group has-background-color has-primary-background-color has-text-color has-background is-layout-constrained wp-container-core-group-is-layout-23b1a4dc wp-block-group-is-layout-constrained\" style=\"border-radius:5px;padding-top:var(--wp--preset--spacing--30);padding-right:var(--wp--preset--spacing--30);padding-bottom:var(--wp--preset--spacing--30);padding-left:var(--wp--preset--spacing--30)\">\n<p class=\"dashicons dashicons-phone has-large-font-size\"><\/p>\n<\/div>\n\n\n\n<div class=\"wp-block-group is-layout-constrained wp-container-core-group-is-layout-19e250f3 wp-block-group-is-layout-constrained\">\n<p><a href=\"tel:96 107 95 89\">96 107 95 89<\/a><\/p>\n<\/div>\n<\/div>\n<\/div>\n\n\n\n<div class=\"wp-block-group is-layout-constrained wp-container-core-group-is-layout-92b9201d wp-block-group-is-layout-constrained\">\n<h5 class=\"wp-block-heading\"><strong>Email<\/strong><\/h5>\n\n\n\n<div class=\"wp-block-group is-nowrap is-layout-flex wp-container-core-group-is-layout-fc054d2d wp-block-group-is-layout-flex\">\n<div class=\"wp-block-group has-background-color has-primary-background-color has-text-color has-background is-layout-constrained wp-container-core-group-is-layout-23b1a4dc wp-block-group-is-layout-constrained\" style=\"border-radius:5px;padding-top:var(--wp--preset--spacing--30);padding-right:var(--wp--preset--spacing--30);padding-bottom:var(--wp--preset--spacing--30);padding-left:var(--wp--preset--spacing--30)\">\n<p class=\"dashicons dashicons-email has-large-font-size\"><\/p>\n<\/div>\n\n\n\n<div class=\"wp-block-group is-layout-constrained wp-container-core-group-is-layout-19e250f3 wp-block-group-is-layout-constrained\">\n<p>info@ec-construccion.com<\/p>\n<\/div>\n<\/div>\n<\/div>\n\n\n\n<div class=\"wp-block-group is-layout-constrained wp-container-core-group-is-layout-92b9201d wp-block-group-is-layout-constrained\">\n<h5 class=\"wp-block-heading\"><strong>Direcci\u00f3n<\/strong><\/h5>\n\n\n\n<div class=\"wp-block-group is-nowrap is-layout-flex wp-container-core-group-is-layout-fc054d2d wp-block-group-is-layout-flex\">\n<div class=\"wp-block-group has-background-color has-primary-background-color has-text-color has-background is-layout-constrained wp-container-core-group-is-layout-23b1a4dc wp-block-group-is-layout-constrained\" style=\"border-radius:5px;padding-top:var(--wp--preset--spacing--30);padding-right:var(--wp--preset--spacing--30);padding-bottom:var(--wp--preset--spacing--30);padding-left:var(--wp--preset--spacing--30)\">\n<p class=\"dashicons dashicons-location has-large-font-size\"><\/p>\n<\/div>\n\n\n\n<div class=\"wp-block-group is-layout-constrained wp-container-core-group-is-layout-19e250f3 wp-block-group-is-layout-constrained\">\n<p>C\/General Pastor 31<\/p>\n\n\n\n<p>46183 L&#8217;Eliana &#8211; Valencia<\/p>\n<\/div>\n<\/div>\n<\/div>\n<\/div>\n\n\n\n<div class=\"wp-block-column has-shadow-dark animated animated-fadeInUp is-layout-flow wp-block-column-is-layout-flow\" style=\"flex-basis:60%\">\n<iframe src=\"https:\/\/www.google.com\/maps\/embed?pb=!1m18!1m12!1m3!1d3075.7828827113412!2d-0.5335587235917266!3d39.56450290706689!2m3!1f0!2f0!3f0!3m2!1i1024!2i768!4f13.1!3m3!1m2!1s0xd6059538e0d6735%3A0x76dd458afcd690c6!2sC.%20Gral.%20Pastor%2C%2031%2C%2046183%20La%20Eliana%2C%20Valencia!5e0!3m2!1ses!2ses!4v1695884776525!5m2!1ses!2ses\" width=\"100%\" height=\"450\" style=\"border:0;\" allowfullscreen=\"\" loading=\"lazy\" referrerpolicy=\"no-referrer-when-downgrade\"><\/iframe>\n<\/div>\n<\/div>\n\n\n\n<div class=\"wp-block-columns is-layout-flex wp-container-core-columns-is-layout-28f84493 wp-block-columns-is-layout-flex\">\n<div class=\"wp-block-column is-layout-flow wp-block-column-is-layout-flow\">\n<figure class=\"wp-block-image size-full\"><img loading=\"lazy\" decoding=\"async\" width=\"300\" height=\"63\" src=\"https:\/\/ec-construccion.com\/wp-content\/uploads\/2023\/09\/imagen_pie_1.jpg\" alt=\"\" class=\"wp-image-1940\"\/><\/figure>\n<\/div>\n\n\n\n<div class=\"wp-block-column is-layout-flow wp-block-column-is-layout-flow\">\n<figure class=\"wp-block-image size-full\"><img loading=\"lazy\" decoding=\"async\" width=\"300\" height=\"70\" src=\"https:\/\/ec-construccion.com\/wp-content\/uploads\/2023\/09\/imagen_pie_2.jpg\" alt=\"\" class=\"wp-image-1941\"\/><\/figure>\n<\/div>\n\n\n\n<div class=\"wp-block-column is-layout-flow wp-block-column-is-layout-flow\">\n<p>Proyecto Web Financiado por la Uni\u00f3n Europea \u2013 NextGenerationEU<\/p>\n<\/div>\n<\/div>\n","protected":false},"excerpt":{"rendered":"<p>Informaci\u00f3n Tel\u00e9fono 96 107 95 89 Email info@ec-construccion.com Direcci\u00f3n C\/General Pastor 31 46183 L&#8217;Eliana &#8211; Valencia Proyecto Web Financiado por la Uni\u00f3n Europea \u2013 NextGenerationEU<\/p>\n","protected":false},"author":1,"featured_media":0,"parent":0,"menu_order":0,"comment_status":"closed","ping_status":"closed","template":"template-pagebuilder.php","meta":{"footnotes":""},"class_list":["post-52","page","type-page","status-publish","hentry"],"yoast_head":"<!-- This site is optimized with the Yoast SEO plugin v21.2 - https:\/\/yoast.com\/wordpress\/plugins\/seo\/ -->\n<title>Contacto - Construcciones y Reformas - CONSTRUBELL CAMIR SL<\/title>\n<meta name=\"robots\" content=\"index, follow, max-snippet:-1, max-image-preview:large, max-video-preview:-1\" \/>\n<link rel=\"canonical\" href=\"https:\/\/ec-construccion.com\/?page_id=52\" \/>\n<meta property=\"og:locale\" content=\"es_ES\" \/>\n<meta property=\"og:type\" content=\"article\" \/>\n<meta property=\"og:title\" content=\"Contacto - Construcciones y Reformas - CONSTRUBELL CAMIR SL\" \/>\n<meta property=\"og:description\" content=\"Informaci\u00f3n Tel\u00e9fono 96 107 95 89 Email info@ec-construccion.com Direcci\u00f3n C\/General Pastor 31 46183 L&#8217;Eliana &#8211; Valencia Proyecto Web Financiado por la Uni\u00f3n Europea \u2013 NextGenerationEU\" \/>\n<meta property=\"og:url\" content=\"https:\/\/ec-construccion.com\/?page_id=52\" \/>\n<meta property=\"og:site_name\" content=\"Construcciones y Reformas - CONSTRUBELL CAMIR SL\" \/>\n<meta property=\"article:modified_time\" content=\"2023-09-28T14:08:15+00:00\" \/>\n<meta property=\"og:image\" content=\"https:\/\/ec-construccion.com\/wp-content\/uploads\/2023\/03\/breadcrumb-1.jpeg\" \/>\n<meta name=\"twitter:card\" content=\"summary_large_image\" \/>\n<meta name=\"twitter:label1\" content=\"Tiempo de lectura\" \/>\n\t<meta name=\"twitter:data1\" content=\"1 minuto\" \/>\n<script type=\"application\/ld+json\" class=\"yoast-schema-graph\">{\"@context\":\"https:\/\/schema.org\",\"@graph\":[{\"@type\":\"WebPage\",\"@id\":\"https:\/\/ec-construccion.com\/?page_id=52\",\"url\":\"https:\/\/ec-construccion.com\/?page_id=52\",\"name\":\"Contacto - Construcciones y Reformas - CONSTRUBELL CAMIR SL\",\"isPartOf\":{\"@id\":\"https:\/\/ec-construccion.com\/#website\"},\"datePublished\":\"2023-03-24T06:32:19+00:00\",\"dateModified\":\"2023-09-28T14:08:15+00:00\",\"breadcrumb\":{\"@id\":\"https:\/\/ec-construccion.com\/?page_id=52#breadcrumb\"},\"inLanguage\":\"es\",\"potentialAction\":[{\"@type\":\"ReadAction\",\"target\":[\"https:\/\/ec-construccion.com\/?page_id=52\"]}]},{\"@type\":\"BreadcrumbList\",\"@id\":\"https:\/\/ec-construccion.com\/?page_id=52#breadcrumb\",\"itemListElement\":[{\"@type\":\"ListItem\",\"position\":1,\"name\":\"Portada\",\"item\":\"https:\/\/ec-construccion.com\/\"},{\"@type\":\"ListItem\",\"position\":2,\"name\":\"Contacto\"}]},{\"@type\":\"WebSite\",\"@id\":\"https:\/\/ec-construccion.com\/#website\",\"url\":\"https:\/\/ec-construccion.com\/\",\"name\":\"Construcciones y Reformas - CONSTRUBELL CAMIR SL\",\"description\":\"\",\"publisher\":{\"@id\":\"https:\/\/ec-construccion.com\/#organization\"},\"potentialAction\":[{\"@type\":\"SearchAction\",\"target\":{\"@type\":\"EntryPoint\",\"urlTemplate\":\"https:\/\/ec-construccion.com\/?s={search_term_string}\"},\"query-input\":\"required name=search_term_string\"}],\"inLanguage\":\"es\"},{\"@type\":\"Organization\",\"@id\":\"https:\/\/ec-construccion.com\/#organization\",\"name\":\"Construcciones y Reformas - CONSTRUBELL CAMIR SL\",\"url\":\"https:\/\/ec-construccion.com\/\",\"logo\":{\"@type\":\"ImageObject\",\"inLanguage\":\"es\",\"@id\":\"https:\/\/ec-construccion.com\/#\/schema\/logo\/image\/\",\"url\":\"https:\/\/ec-construccion.com\/wp-content\/uploads\/2023\/09\/cropped-montaje_logo_slogan.png\",\"contentUrl\":\"https:\/\/ec-construccion.com\/wp-content\/uploads\/2023\/09\/cropped-montaje_logo_slogan.png\",\"width\":861,\"height\":305,\"caption\":\"Construcciones y Reformas - CONSTRUBELL CAMIR SL\"},\"image\":{\"@id\":\"https:\/\/ec-construccion.com\/#\/schema\/logo\/image\/\"}}]}<\/script>\n<!-- \/ Yoast SEO plugin. -->","yoast_head_json":{"title":"Contacto - Construcciones y Reformas - CONSTRUBELL CAMIR SL","robots":{"index":"index","follow":"follow","max-snippet":"max-snippet:-1","max-image-preview":"max-image-preview:large","max-video-preview":"max-video-preview:-1"},"canonical":"https:\/\/ec-construccion.com\/?page_id=52","og_locale":"es_ES","og_type":"article","og_title":"Contacto - Construcciones y Reformas - CONSTRUBELL CAMIR SL","og_description":"Informaci\u00f3n Tel\u00e9fono 96 107 95 89 Email info@ec-construccion.com Direcci\u00f3n C\/General Pastor 31 46183 L&#8217;Eliana &#8211; Valencia Proyecto Web Financiado por la Uni\u00f3n Europea \u2013 NextGenerationEU","og_url":"https:\/\/ec-construccion.com\/?page_id=52","og_site_name":"Construcciones y Reformas - CONSTRUBELL CAMIR SL","article_modified_time":"2023-09-28T14:08:15+00:00","og_image":[{"url":"https:\/\/ec-construccion.com\/wp-content\/uploads\/2023\/03\/breadcrumb-1.jpeg"}],"twitter_card":"summary_large_image","twitter_misc":{"Tiempo de lectura":"1 minuto"},"schema":{"@context":"https:\/\/schema.org","@graph":[{"@type":"WebPage","@id":"https:\/\/ec-construccion.com\/?page_id=52","url":"https:\/\/ec-construccion.com\/?page_id=52","name":"Contacto - Construcciones y Reformas - CONSTRUBELL CAMIR SL","isPartOf":{"@id":"https:\/\/ec-construccion.com\/#website"},"datePublished":"2023-03-24T06:32:19+00:00","dateModified":"2023-09-28T14:08:15+00:00","breadcrumb":{"@id":"https:\/\/ec-construccion.com\/?page_id=52#breadcrumb"},"inLanguage":"es","potentialAction":[{"@type":"ReadAction","target":["https:\/\/ec-construccion.com\/?page_id=52"]}]},{"@type":"BreadcrumbList","@id":"https:\/\/ec-construccion.com\/?page_id=52#breadcrumb","itemListElement":[{"@type":"ListItem","position":1,"name":"Portada","item":"https:\/\/ec-construccion.com\/"},{"@type":"ListItem","position":2,"name":"Contacto"}]},{"@type":"WebSite","@id":"https:\/\/ec-construccion.com\/#website","url":"https:\/\/ec-construccion.com\/","name":"Construcciones y Reformas - CONSTRUBELL CAMIR SL","description":"","publisher":{"@id":"https:\/\/ec-construccion.com\/#organization"},"potentialAction":[{"@type":"SearchAction","target":{"@type":"EntryPoint","urlTemplate":"https:\/\/ec-construccion.com\/?s={search_term_string}"},"query-input":"required name=search_term_string"}],"inLanguage":"es"},{"@type":"Organization","@id":"https:\/\/ec-construccion.com\/#organization","name":"Construcciones y Reformas - CONSTRUBELL CAMIR SL","url":"https:\/\/ec-construccion.com\/","logo":{"@type":"ImageObject","inLanguage":"es","@id":"https:\/\/ec-construccion.com\/#\/schema\/logo\/image\/","url":"https:\/\/ec-construccion.com\/wp-content\/uploads\/2023\/09\/cropped-montaje_logo_slogan.png","contentUrl":"https:\/\/ec-construccion.com\/wp-content\/uploads\/2023\/09\/cropped-montaje_logo_slogan.png","width":861,"height":305,"caption":"Construcciones y Reformas - CONSTRUBELL CAMIR SL"},"image":{"@id":"https:\/\/ec-construccion.com\/#\/schema\/logo\/image\/"}}]}},"_links":{"self":[{"href":"https:\/\/ec-construccion.com\/index.php?rest_route=\/wp\/v2\/pages\/52","targetHints":{"allow":["GET"]}}],"collection":[{"href":"https:\/\/ec-construccion.com\/index.php?rest_route=\/wp\/v2\/pages"}],"about":[{"href":"https:\/\/ec-construccion.com\/index.php?rest_route=\/wp\/v2\/types\/page"}],"author":[{"embeddable":true,"href":"https:\/\/ec-construccion.com\/index.php?rest_route=\/wp\/v2\/users\/1"}],"replies":[{"embeddable":true,"href":"https:\/\/ec-construccion.com\/index.php?rest_route=%2Fwp%2Fv2%2Fcomments&post=52"}],"version-history":[{"count":3,"href":"https:\/\/ec-construccion.com\/index.php?rest_route=\/wp\/v2\/pages\/52\/revisions"}],"predecessor-version":[{"id":1964,"href":"https:\/\/ec-construccion.com\/index.php?rest_route=\/wp\/v2\/pages\/52\/revisions\/1964"}],"wp:attachment":[{"href":"https:\/\/ec-construccion.com\/index.php?rest_route=%2Fwp%2Fv2%2Fmedia&parent=52"}],"curies":[{"name":"wp","href":"https:\/\/api.w.org\/{rel}","templated":true}]}}